{"id":8619,"date":"2026-01-01T17:05:14","date_gmt":"2026-01-01T16:05:14","guid":{"rendered":"https:\/\/praguecruises.eu\/?post_type=product&#038;p=8619"},"modified":"2025-11-25T15:56:19","modified_gmt":"2025-11-25T14:56:19","slug":"3-hodinova-nocna-plavba-prahou-s-vecerou-aperitivom-a-audiosprievodcom","status":"publish","type":"product","link":"https:\/\/praguecruises.eu\/sk\/plavba\/3-hodinova-nocna-plavba-prahou-s-vecerou-aperitivom-a-audiosprievodcom\/","title":{"rendered":"3HODINOV\u00c1 no\u010dn\u00e1 plavba Prahou s VE\u010cEROU, aperit\u00edvom a audiosprievodcom"},"content":{"rendered":"<h3>Z&aacute;kladn&aacute; charakteristika 3hodinovej gastronomickej plavby<\/h3>\n<ul>\n<li><strong>Plavba: <\/strong> <strong> 3 hodiny<\/strong> (18:50-21:50)<\/li>\n<li><strong>Dni:<\/strong> Denne<\/li>\n<li><strong>&#268;as odpl&aacute;vania:<\/strong> 18:50<\/li>\n<li><strong>&#268;as nalodenia:<\/strong> Na m&oacute;lo sa dostavte aspo&#328; 15 min&uacute;t pred za&#269;iatkom plavby<\/li>\n<li><strong>Miesto nalodenia:<\/strong> Z pr&iacute;staviska ne&#271;aleko &Scaron;tef&aacute;nikovho mosta (plavba za&#269;&iacute;na a kon&#269;&iacute; na rovnakom mieste)<\/li>\n<li><strong>Rezerv&aacute;cia zadarmo:<\/strong> Rezervujte si miesto ihne&#271; a pla&#357;te a&#382; nesk&ocirc;r (najnesk&ocirc;r v&scaron;ak 72 hod&iacute;n pred odpl&aacute;van&iacute;m)<\/li>\n<li><a href=\"https:\/\/praguecruises.eu\/sk\/bezpecne-online-platby-rezervacny-system-prague-cruises\/\"><strong>Bezpe&#269;n&aacute; platba za plavbu: <\/strong>kartou cez slu&#382;bu <strong>PayPal <\/strong> <\/a><\/li>\n<li><strong>Zru&scaron;enie:<\/strong> Plavbu zru&scaron;te najnesk&ocirc;r 72 hod&iacute;n vopred, aby ste z&iacute;skali n&aacute;hradu*<\/li>\n<li><strong>Digit&aacute;lny palubn&yacute; l&iacute;stok (voucher):<\/strong> Voucher nie je potrebn&eacute; tla&#269;i&#357;<\/li>\n<\/ul>\n<h3>&#268;o je s&uacute;&#269;as&#357;ou 3hodinovej gastronomickej plavby<\/h3>\n<ul>\n<li><strong>Uv&iacute;tac&iacute; welcome drink<\/strong> (Becherovka &ndash; tradi&#269;n&yacute; &#269;esk&yacute; bylinn&yacute; lik&eacute;r s unik&aacute;tnou recept&uacute;rou)<strong><br>\n<\/strong><\/li>\n<li><strong>Plavba samotn&yacute;m srdcom Prahy<\/strong> okolo najzn&aacute;mej&scaron;&iacute;ch historick&yacute;ch pamiatok (pozri &#271;alej Historick&eacute; pamiatky na trase plavby)<\/li>\n<li><strong>Ve&#269;era formou rautu<\/strong> (tepl&aacute; kuchy&#328;a, studen&aacute; kuchy&#328;a, dezerty, &#269;erstv&eacute; ovocie a zelenina)<\/li>\n<li><strong>Online audiosprievodca: &#268;e&scaron;tina<\/strong> | Dansk | Deutsch | English | Espa&ntilde;ol | Fran&ccedil;ais | Italiano | Magyar | Nederlands | Norsk | Polski | Portugu&ecirc;s | Suomi | Svenska | T&uuml;rk&ccedil;e | &Epsilon;&lambda;&lambda;&eta;&nu;&iota;&kappa;&#940; | &#1056;&#1091;&#1089;&#1089;&#1082;&#1080;&#1081; | &#1059;&#1082;&#1088;&#1072;&#1111;&#1085;&#1089;&#1100;&#1082;&#1072; | &#1506;&#1460;&#1489;&#1512;&#1460;&#1497;&#1514; | &#1593;&#1585;&#1576;&#1610; | &#2361;&#2367;&#2306;&#2342;&#2368; | &#54620;&#44397;&#51064; | &#20013;&#22269;&#20154; , &#20013;&#22283;&#20154; | &#26085;&#26412;&#35486;<\/li>\n<li><strong>Viano&#269;n&aacute; v&yacute;zdoba<\/strong> (od 30. novembra do 30. decembra 2025)<\/li>\n<\/ul>\n<h3>Vybavenie lode<\/h3>\n<ul>\n<li><strong>2x kryt&yacute; sal&oacute;n<\/strong> (podpalubie) &ndash; pod&#318;a po&#269;asia klimatizovan&yacute; alebo vykurovan&yacute;<\/li>\n<li><strong>Slne&#269;n&aacute; paluba<\/strong> (otvoren&aacute; horn&aacute; paluba)<\/li>\n<li><strong>Toalety<\/strong><\/li>\n<li><strong>Bar<\/strong> s tepl&yacute;mi a studen&yacute;mi n&aacute;pojmi (okrem welcome drinku &ndash; nie s&uacute; n&aacute;poje v cene plavby)<\/li>\n<li><strong>Vlastn&aacute;<\/strong> &ndash; plne vybaven&aacute; &ndash; <strong>kuchy&#328;a<\/strong><\/li>\n<li><strong>Klimatiz&aacute;cia<\/strong><\/li>\n<li><strong>Vykurovanie<\/strong><\/li>\n<li><strong>Platobn&yacute; termin&aacute;l pre platby kartou<\/strong><\/li>\n<\/ul>\n<h3>Historick&eacute; pamiatky na trase plavby po rieke Vltave<\/h3>\n<ul>\n<li><a class=\"glossaryLink\"  aria-describedby=\"tt\"  data-cmtooltip=\"&lt;div class=glossaryItemBody&gt;&lt;img width=&#039;200&#039; height=&#039;133&#039; src=&#039;https:\/\/i0.wp.com\/praguecruises.eu\/wp-content\/uploads\/2024\/07\/hrad-prazsky-5.jpg?fit=200%2C133&amp;amp;ssl=1&#039; class=&#039;cmtt-tooltip-featured-image wp-post-image&#039; alt=&#039;Pra&#382;sk&yacute; hrad&#039; style=&#039;width: 200px; margin-top: 2%;float: right; margin-left: 2%;&#039; sizes=&#039;(max-width: 9999px) 200px,auto&#039; loading=&#039;eager&#039; srcset=&#039;https:\/\/i0.wp.com\/praguecruises.eu\/wp-content\/uploads\/2024\/07\/hrad-prazsky-5.jpg?w=1200&amp;amp;ssl=1 1200w, https:\/\/i0.wp.com\/praguecruises.eu\/wp-content\/uploads\/2024\/07\/hrad-prazsky-5.jpg?resize=324%2C216&amp;amp;ssl=1 324w, https:\/\/i0.wp.com\/praguecruises.eu\/wp-content\/uploads\/2024\/07\/hrad-prazsky-5.jpg?resize=416%2C277&amp;amp;ssl=1 416w, https:\/\/i0.wp.com\/praguecruises.eu\/wp-content\/uploads\/2024\/07\/hrad-prazsky-5.jpg?resize=300%2C200&amp;amp;ssl=1 300w, https:\/\/i0.wp.com\/praguecruises.eu\/wp-content\/uploads\/2024\/07\/hrad-prazsky-5.jpg?resize=1024%2C683&amp;amp;ssl=1 1024w, https:\/\/i0.wp.com\/praguecruises.eu\/wp-content\/uploads\/2024\/07\/hrad-prazsky-5.jpg?resize=768%2C512&amp;amp;ssl=1 768w&#039; \/&gt;Pra&#382;sk&yacute; hrad je historick&aacute; pevnos&#357; a s&iacute;dlo &#269;esk&yacute;ch panovn&iacute;kov a prezidentov v Prahe. Je to jeden z najv&auml;&#269;&scaron;&iacute;ch hradn&yacute;ch komplexov na svete a hlavn&aacute; turistick&aacute; atrakcia. &lt;\/div&gt;\"  href=\"https:\/\/praguecruises.eu\/sk\/glossary\/prazsky-hrad\/\"  data-mobile-support=\"0\"  data-gt-translate-attributes='[{\"attribute\":\"data-cmtooltip\", \"format\":\"html\"}]' tabindex='0' role='link'>Pra&#382;sk&yacute; hrad<\/a><\/li>\n<li><a class=\"glossaryLink\"  aria-describedby=\"tt\"  data-cmtooltip=\"&lt;div class=glossaryItemBody&gt;&lt;img width=&#039;200&#039; height=&#039;133&#039; src=&#039;https:\/\/i0.wp.com\/praguecruises.eu\/wp-content\/uploads\/2024\/07\/karluv-most-vltava.jpg?fit=200%2C133&amp;amp;ssl=1&#039; class=&#039;cmtt-tooltip-featured-image wp-post-image&#039; alt=&#039;&#039; style=&#039;width: 200px; margin-top: 2%;float: right; margin-left: 2%;&#039; sizes=&#039;(max-width: 9999px) 200px,auto&#039; loading=&#039;eager&#039; srcset=&#039;https:\/\/i0.wp.com\/praguecruises.eu\/wp-content\/uploads\/2024\/07\/karluv-most-vltava.jpg?w=1200&amp;amp;ssl=1 1200w, https:\/\/i0.wp.com\/praguecruises.eu\/wp-content\/uploads\/2024\/07\/karluv-most-vltava.jpg?resize=324%2C216&amp;amp;ssl=1 324w, https:\/\/i0.wp.com\/praguecruises.eu\/wp-content\/uploads\/2024\/07\/karluv-most-vltava.jpg?resize=416%2C277&amp;amp;ssl=1 416w, https:\/\/i0.wp.com\/praguecruises.eu\/wp-content\/uploads\/2024\/07\/karluv-most-vltava.jpg?resize=300%2C200&amp;amp;ssl=1 300w, https:\/\/i0.wp.com\/praguecruises.eu\/wp-content\/uploads\/2024\/07\/karluv-most-vltava.jpg?resize=1024%2C683&amp;amp;ssl=1 1024w, https:\/\/i0.wp.com\/praguecruises.eu\/wp-content\/uploads\/2024\/07\/karluv-most-vltava.jpg?resize=768%2C512&amp;amp;ssl=1 768w&#039; \/&gt;Karlov most je historick&yacute; kamenn&yacute; most v Prahe cez rieku Vltavu. Most bol postaven&yacute; na pr&iacute;kaz cis&aacute;ra Karla IV. a je jednou z najzn&aacute;mej&scaron;&iacute;ch pamiatok v &#268;eskej republike.&lt;\/div&gt;\"  href=\"https:\/\/praguecruises.eu\/sk\/glossary\/karlov-most\/\"  data-mobile-support=\"0\"  data-gt-translate-attributes='[{\"attribute\":\"data-cmtooltip\", \"format\":\"html\"}]' tabindex='0' role='link'>Karlov most<\/a><\/li>\n<li>Malostransk&aacute; mosteck&aacute; ve&#382;a<\/li>\n<li>Staromestsk&aacute; mosteck&aacute; ve&#382;a<\/li>\n<li>Rudolfinum<\/li>\n<li>N&aacute;rodn&eacute; divadlo<\/li>\n<li>&Scaron;tef&aacute;nikov most<\/li>\n<li>Star&eacute; Mesto<\/li>\n<li>Nov&eacute; Mesto<\/li>\n<li>Novotn&eacute;ho l&aacute;vka<\/li>\n<li>Staromestsk&aacute; vod&aacute;re&#328; &ndash; M&uacute;zeum Bed&#345;icha Smetany<\/li>\n<li>Mal&aacute; Strana<\/li>\n<li>Ostrov Kampa<\/li>\n<li>Sovovy mlyny<\/li>\n<li>Pet&#345;&iacute;nska rozh&#318;ad&#328;a<\/li>\n<li>M&uacute;zeum Franza Kafky &ndash; Hergetova tehel&#328;a<\/li>\n<li>M&aacute;nesov most<\/li>\n<li>Most L&eacute;gi&iacute;<\/li>\n<li>Strakova akad&eacute;mia &ndash; budova Vl&aacute;dy &#268;R<\/li>\n<li>&#268;echov Most<\/li>\n<li>Budova Ministerstva priemyslu a obchodu &#268;R<\/li>\n<\/ul>\n<p style=\"padding-left: 40px;\">*Pri zru&scaron;en&iacute; z&aacute;v&auml;znej objedn&aacute;vky plavby (uhradenej rezerv&aacute;cie) do maxim&aacute;lne 72 hod&iacute;n pred za&#269;iatkom plavby, v&aacute;m bude na&uacute;&#269;tovan&yacute; storno poplatok vo v&yacute;&scaron;ke 20 % z ceny objedn&aacute;vky, o ktor&yacute; sa v&aacute;m bude zn&iacute;&#382;en&aacute; vr&aacute;ten&aacute; &#269;iastka. Pri zru&scaron;en&iacute; z&aacute;v&auml;znej objedn&aacute;vky plavby (uhradenej rezerv&aacute;cie) nesk&ocirc;r ako 72 hod&iacute;n pred za&#269;iatkom plavby, alebo pokia&#318; sa na objednan&uacute; plavbu nedostav&iacute;te a slu&#382;bu nevy&#269;erp&aacute;te, bude v&aacute;m na&uacute;&#269;tovan&yacute; storno poplatok vo v&yacute;&scaron;ke 100% z ceny objedn&aacute;vky. &Uacute;hradou plavby vyjadrujete svoj s&uacute;hlas s uveden&yacute;mi storno podmienkami.<\/p>\n","protected":false},"excerpt":{"rendered":"<h2>Za&#382;ite atmosf&eacute;ru no&#269;nej historickej Prahy, aj ve&#269;eru na lodi formou bufetu s tradi&#269;n&yacute;m &#269;esk&yacute;m lik&eacute;rom na priv&iacute;tanie, po&#269;as 3hodinovej plavby po Vltave s audiosprievodcom<\/h2>\n","protected":false},"featured_media":9116,"template":"","meta":{"_tec_requires_first_save":true,"_EventAllDay":false,"_EventTimezone":"","_EventStartDate":"","_EventEndDate":"","_EventStartDateUTC":"","_EventEndDateUTC":"","_EventShowMap":false,"_EventShowMapLink":false,"_EventURL":"","_EventCost":"","_EventCostDescription":"","_EventCurrencySymbol":"","_EventCurrencyCode":"","_EventCurrencyPosition":"","_EventDateTimeSeparator":"","_EventTimeRangeSeparator":"","_EventOrganizerID":[],"_EventVenueID":[],"_OrganizerEmail":"","_OrganizerPhone":"","_OrganizerWebsite":"","_VenueAddress":"","_VenueCity":"","_VenueCountry":"","_VenueProvince":"","_VenueState":"","_VenueZip":"","_VenuePhone":"","_VenueURL":"","_VenueStateProvince":"","_VenueLat":"","_VenueLng":"","_VenueShowMap":false,"_VenueShowMapLink":false,"_tribe_blocks_recurrence_rules":"","_tribe_blocks_recurrence_description":"","_tribe_blocks_recurrence_exclusions":""},"product_brand":[],"product_cat":[213,240],"product_tag":[670,612,652],"class_list":{"0":"post-8619","1":"product","2":"type-product","3":"status-publish","4":"has-post-thumbnail","6":"product_cat-gastronomicke-plavby-sk","7":"product_cat-plavby-lodou-prahou-pre-jednotlivcov","8":"product_tag-3hodinovy-vylet-lodou","9":"product_tag-plavba-s-veceri-sk","10":"product_tag-vecera-na-lodi","12":"first","13":"instock","14":"featured","15":"virtual","16":"sold-individually","17":"purchasable","18":"product-type-booking"},"booking_location":"","booking_location_type":"","booking_duration":3,"booking_duration_unit":"hour","booking_buffer":0,"booking_cost":0,"booking_resources":[8756,8766,8772,8778,8784,8790,9045,9036,8798,8804,9027,8811,8817,8823,8829,8835,8841,8847,9009,8854,8860,8866,8872,8878],"aioseo_notices":[],"jetpack_sharing_enabled":true,"_links":{"self":[{"href":"https:\/\/praguecruises.eu\/sk\/wp-json\/wp\/v2\/product\/8619","targetHints":{"allow":["GET"]}}],"collection":[{"href":"https:\/\/praguecruises.eu\/sk\/wp-json\/wp\/v2\/product"}],"about":[{"href":"https:\/\/praguecruises.eu\/sk\/wp-json\/wp\/v2\/types\/product"}],"wp:featuredmedia":[{"embeddable":true,"href":"https:\/\/praguecruises.eu\/sk\/wp-json\/wp\/v2\/media\/9116"}],"wp:attachment":[{"href":"https:\/\/praguecruises.eu\/sk\/wp-json\/wp\/v2\/media?parent=8619"}],"wp:term":[{"taxonomy":"product_brand","embeddable":true,"href":"https:\/\/praguecruises.eu\/sk\/wp-json\/wp\/v2\/product_brand?post=8619"},{"taxonomy":"product_cat","embeddable":true,"href":"https:\/\/praguecruises.eu\/sk\/wp-json\/wp\/v2\/product_cat?post=8619"},{"taxonomy":"product_tag","embeddable":true,"href":"https:\/\/praguecruises.eu\/sk\/wp-json\/wp\/v2\/product_tag?post=8619"}],"curies":[{"name":"wp","href":"https:\/\/api.w.org\/{rel}","templated":true}]}}