{"id":8320,"date":"2024-10-16T23:43:41","date_gmt":"2024-10-16T21:43:41","guid":{"rendered":"https:\/\/praguecruises.eu\/cruise\/nocna-plavba-prahou-s-rautovou-vecerou-a-welcome-drinkom-pre-skupiny\/"},"modified":"2026-01-20T15:33:17","modified_gmt":"2026-01-20T14:33:17","slug":"nocna-plavba-prahou-s-rautovou-vecerou-a-welcome-drinkom-pre-skupiny","status":"publish","type":"product","link":"https:\/\/praguecruises.eu\/sk\/plavba\/nocna-plavba-prahou-s-rautovou-vecerou-a-welcome-drinkom-pre-skupiny\/","title":{"rendered":"No\u010dn\u00e1 plavba Prahou s RAUTOVOU VE\u010cEROU a welcome drinkom (pre skupiny)"},"content":{"rendered":"<h3>Z&aacute;kladn&aacute; charakteristika No&#269;nej plavby s ve&#269;erou pre skupiny od 20 os&ocirc;b<\/h3>\n<ul>\n<li><strong>Plavba:<\/strong> 2 hodiny<\/li>\n<li><strong>Dni:<\/strong> Denne<\/li>\n<li><strong>&#268;as odpl&aacute;vania:<\/strong> 20:00<\/li>\n<li><strong>Minim&aacute;lny po&#382;adovan&yacute; po&#269;et os&ocirc;b<\/strong> pre t&uacute;to plavbu je: 20 os&ocirc;b<strong><br>\n<\/strong><\/li>\n<li><strong>&#268;as nalodenia:<\/strong> Na m&oacute;lo sa dostavte aspo&#328; 15 min&uacute;t pred za&#269;iatkom plavby<\/li>\n<li><strong>Miesto nalodenia:<\/strong> Z pr&iacute;staviska ne&#271;aleko &Scaron;tef&aacute;nikovho mosta (plavba za&#269;&iacute;na a kon&#269;&iacute; na rovnakom mieste)<\/li>\n<li><strong>Rezerv&aacute;cia zadarmo:<\/strong> Rezervujte si miesto ihne&#271; a pla&#357;te a&#382; nesk&ocirc;r<\/li>\n<li><strong>Platba:<\/strong> Prevodom na &uacute;&#269;et (spoplatnen&aacute; slu&#382;ba) alebo platba kartou cez slu&#382;bu <a href=\"https:\/\/www.paypal.com\/c2\/webapps\/mpp\/home?locale.x=en_C2\">PayPal<\/a><\/li>\n<li><strong>Digit&aacute;lny palubn&yacute; l&iacute;stok <\/strong>(voucher): Voucher nie je potrebn&eacute; tla&#269;i&#357;<\/li>\n<\/ul>\n<h3>&#268;o je s&uacute;&#269;as&#357;ou No&#269;nej plavby s ve&#269;erou pre skupiny<\/h3>\n<ul>\n<li><strong>Uv&iacute;tac&iacute; welcome drink<\/strong><\/li>\n<li><strong>Plavba samotn&yacute;m srdcom Prahy<\/strong> okolo najzn&aacute;mej&scaron;&iacute;ch historick&yacute;ch pamiatok (pozri &#271;alej Historick&eacute; pamiatky po trase plavby)<\/li>\n<li><strong>Ve&#269;era formou rautu<\/strong> (tepl&aacute; kuchy&#328;a, studen&aacute; kuchy&#328;a, dezerty, &#269;erstv&eacute; ovocie a zelenina)<\/li>\n<li><strong>Wifi pripojenie<\/strong> zadarmo<\/li>\n<\/ul>\n<h3>Volite&#318;n&eacute; slu&#382;by<\/h3>\n<ul>\n<li><strong>&#381;iv&aacute; hudba:<\/strong> &#381;iv&aacute; hudobn&aacute; produkcia v podan&iacute; minim&aacute;lne jedn&eacute;ho hudobn&iacute;ka<\/li>\n<li><strong>Pr&iacute;tomnos&#357; sprievodcu:<\/strong> Odborn&yacute; v&yacute;klad k historick&yacute;m pamiatkam po trase plavby vo vybranom jazyku<\/li>\n<\/ul>\n<h3>Vybavenie lode<\/h3>\n<ul>\n<li><strong>2x kryt&yacute; sal&oacute;n<\/strong> (podpalubie) &ndash; pod&#318;a po&#269;asia klimatizovan&yacute; alebo vykurovan&yacute;<\/li>\n<li><strong>Slne&#269;n&aacute; paluba<\/strong> (otvoren&aacute; horn&aacute; paluba)<\/li>\n<li><strong>Toalety<\/strong><\/li>\n<li><strong>Bar<\/strong> s tepl&yacute;mi a studen&yacute;mi n&aacute;pojmi (okrem welcome drinku &ndash; nie s&uacute; n&aacute;poje v cene plavby)<\/li>\n<li><strong>Vlastn&aacute;<\/strong> &ndash; plne vybaven&aacute; &ndash; <strong>kuchy&#328;a<\/strong><\/li>\n<li><strong>Klimatiz&aacute;cia<\/strong><\/li>\n<li><strong>Vykurovanie<\/strong><\/li>\n<li><strong>Platobn&yacute; termin&aacute;l pre platby kartou<\/strong><\/li>\n<li><strong>Wifi pripojenie<\/strong><\/li>\n<\/ul>\n<h3>Historick&eacute; pamiatky po trase plavby<\/h3>\n<ul>\n<li><a class=\"glossaryLink\"  aria-describedby=\"tt\"  data-cmtooltip=\"&lt;div class=glossaryItemBody&gt;&lt;img width=&#039;200&#039; height=&#039;133&#039; src=&#039;https:\/\/i0.wp.com\/praguecruises.eu\/wp-content\/uploads\/2024\/07\/hrad-prazsky-5.jpg?fit=200%2C133&amp;amp;ssl=1&#039; class=&#039;cmtt-tooltip-featured-image wp-post-image&#039; alt=&#039;Pra&#382;sk&yacute; hrad&#039; style=&#039;width: 200px; margin-top: 2%;float: right; margin-left: 2%;&#039; sizes=&#039;(max-width: 9999px) 200px,auto&#039; loading=&#039;eager&#039; srcset=&#039;https:\/\/i0.wp.com\/praguecruises.eu\/wp-content\/uploads\/2024\/07\/hrad-prazsky-5.jpg?w=1200&amp;amp;ssl=1 1200w, https:\/\/i0.wp.com\/praguecruises.eu\/wp-content\/uploads\/2024\/07\/hrad-prazsky-5.jpg?resize=324%2C216&amp;amp;ssl=1 324w, https:\/\/i0.wp.com\/praguecruises.eu\/wp-content\/uploads\/2024\/07\/hrad-prazsky-5.jpg?resize=416%2C277&amp;amp;ssl=1 416w, https:\/\/i0.wp.com\/praguecruises.eu\/wp-content\/uploads\/2024\/07\/hrad-prazsky-5.jpg?resize=300%2C200&amp;amp;ssl=1 300w, https:\/\/i0.wp.com\/praguecruises.eu\/wp-content\/uploads\/2024\/07\/hrad-prazsky-5.jpg?resize=1024%2C683&amp;amp;ssl=1 1024w, https:\/\/i0.wp.com\/praguecruises.eu\/wp-content\/uploads\/2024\/07\/hrad-prazsky-5.jpg?resize=768%2C512&amp;amp;ssl=1 768w&#039; \/&gt;Pra&#382;sk&yacute; hrad je historick&aacute; pevnos&#357; a s&iacute;dlo &#269;esk&yacute;ch panovn&iacute;kov a prezidentov v Prahe. Je to jeden z najv&auml;&#269;&scaron;&iacute;ch hradn&yacute;ch komplexov na svete a hlavn&aacute; turistick&aacute; atrakcia. &lt;\/div&gt;\"  href=\"https:\/\/praguecruises.eu\/sk\/glossary\/prazsky-hrad\/\"  data-mobile-support=\"0\"  data-gt-translate-attributes='[{\"attribute\":\"data-cmtooltip\", \"format\":\"html\"}]' tabindex='0' role='link'>Pra&#382;sk&yacute; hrad<\/a><\/li>\n<li><a class=\"glossaryLink\"  aria-describedby=\"tt\"  data-cmtooltip=\"&lt;div class=glossaryItemBody&gt;&lt;img width=&#039;200&#039; height=&#039;133&#039; src=&#039;https:\/\/i0.wp.com\/praguecruises.eu\/wp-content\/uploads\/2024\/07\/karluv-most-vltava.jpg?fit=200%2C133&amp;amp;ssl=1&#039; class=&#039;cmtt-tooltip-featured-image wp-post-image&#039; alt=&#039;&#039; style=&#039;width: 200px; margin-top: 2%;float: right; margin-left: 2%;&#039; sizes=&#039;(max-width: 9999px) 200px,auto&#039; loading=&#039;eager&#039; srcset=&#039;https:\/\/i0.wp.com\/praguecruises.eu\/wp-content\/uploads\/2024\/07\/karluv-most-vltava.jpg?w=1200&amp;amp;ssl=1 1200w, https:\/\/i0.wp.com\/praguecruises.eu\/wp-content\/uploads\/2024\/07\/karluv-most-vltava.jpg?resize=324%2C216&amp;amp;ssl=1 324w, https:\/\/i0.wp.com\/praguecruises.eu\/wp-content\/uploads\/2024\/07\/karluv-most-vltava.jpg?resize=416%2C277&amp;amp;ssl=1 416w, https:\/\/i0.wp.com\/praguecruises.eu\/wp-content\/uploads\/2024\/07\/karluv-most-vltava.jpg?resize=300%2C200&amp;amp;ssl=1 300w, https:\/\/i0.wp.com\/praguecruises.eu\/wp-content\/uploads\/2024\/07\/karluv-most-vltava.jpg?resize=1024%2C683&amp;amp;ssl=1 1024w, https:\/\/i0.wp.com\/praguecruises.eu\/wp-content\/uploads\/2024\/07\/karluv-most-vltava.jpg?resize=768%2C512&amp;amp;ssl=1 768w&#039; \/&gt;Karlov most je historick&yacute; kamenn&yacute; most v Prahe cez rieku Vltavu. Most bol postaven&yacute; na pr&iacute;kaz cis&aacute;ra Karla IV. a je jednou z najzn&aacute;mej&scaron;&iacute;ch pamiatok v &#268;eskej republike.&lt;\/div&gt;\"  href=\"https:\/\/praguecruises.eu\/sk\/glossary\/karlov-most\/\"  data-mobile-support=\"0\"  data-gt-translate-attributes='[{\"attribute\":\"data-cmtooltip\", \"format\":\"html\"}]' tabindex='0' role='link'>Karlov most<\/a><\/li>\n<li>Malostransk&aacute; mosteck&aacute; ve&#382;a<\/li>\n<li>Staromestsk&aacute; mosteck&aacute; ve&#382;a<\/li>\n<li>Rudolfinum<\/li>\n<li>N&aacute;rodn&eacute; divadlo<\/li>\n<li>&Scaron;tef&aacute;nikov most<\/li>\n<li>Star&eacute; Mesto<\/li>\n<li>Nov&eacute; Mesto<\/li>\n<li>Novotn&eacute;ho l&aacute;vka<\/li>\n<li>Staromestsk&aacute; vod&aacute;re&#328; &ndash; M&uacute;zeum Bed&#345;icha Smetany<\/li>\n<li>Mal&aacute; Strana<\/li>\n<li>Ostrov Kampa<\/li>\n<li>Sovovy mlyny<\/li>\n<li>Pet&#345;&iacute;nska rozh&#318;ad&#328;a<\/li>\n<li>M&uacute;zeum Franza Kafky &ndash; Hergetova tehel&#328;a<\/li>\n<li>M&aacute;nesov most<\/li>\n<li>Most L&eacute;gi&iacute;<\/li>\n<li>Strakova akad&eacute;mia &ndash; budova Vl&aacute;dy &#268;R<\/li>\n<li>&#268;echov Most<\/li>\n<li>Budova Ministerstva priemyslu a obchodu &#268;R<\/li>\n<\/ul>\n<h3>Cena<\/h3>\n<ul>\n<li><strong>Z&aacute;kladn&aacute; cena na osobu<\/strong> sa odv&iacute;ja od celkov&eacute;ho po&#269;tu os&ocirc;b<\/li>\n<li><strong>Cena doplnkov&yacute;ch slu&#382;ieb<\/strong> je orienta&#269;n&aacute; a z&aacute;visl&aacute; od term&iacute;nu va&scaron;ej plavby<\/li>\n<li><strong>Celkov&aacute; cena za t&uacute;to plavbu v&aacute;m bude zaslan&aacute; ako cenov&aacute; ponuka na z&aacute;klade vyplnenia on-line dopytu cez t&uacute;to webov&uacute; str&aacute;nku<\/strong><\/li>\n<li>Ak m&aacute;te &#271;al&scaron;ie po&#382;iadavky alebo pozn&aacute;mky k plavbe, vp&iacute;&scaron;te ich pros&iacute;m v poslednom kroku on-line dopytu do kol&oacute;nky &bdquo;&#270;al&scaron;ie inform&aacute;cie &ndash; Pozn&aacute;mky k objedn&aacute;vke&ldquo;<\/li>\n<\/ul>\n<h3>Nena&scaron;li ste, &#269;o ste h&#318;adali?<\/h3>\n<p>Pozrite sa na &#271;al&scaron;ie podobn&eacute; <a href=\"https:\/\/praguecruises.eu\/sk\/kategoria-plavby\/plavby-lodou-prahou-pre-skupiny\/\"><strong>plavby lo&#271;ou pre skupiny <\/strong><\/a><br>\nalebo si vyberte niektor&uacute; z <a href=\"https:\/\/praguecruises.eu\/sk\/kategoria-plavby\/plavby-lodou-prahou-pre-jednotlivcov\/\"><strong>plavieb lo&#271;ou po Vltave pre jednotlivcov a mal&eacute; skupiny<\/strong><\/a> do 19 os&ocirc;b<\/p>\n","protected":false},"excerpt":{"rendered":"<h2>Vychutnajte si jedine&#269;n&uacute; atmosf&eacute;ru no&#269;nej historickej Prahy po&#269;as 2hodinovej plavby pre skupiny &ndash; s ve&#269;erou formou rautu a lahodn&yacute;m welcome drinkom na priv&iacute;tanie<\/h2>\n","protected":false},"featured_media":8324,"template":"","meta":{"_tec_requires_first_save":true,"_EventAllDay":false,"_EventTimezone":"","_EventStartDate":"","_EventEndDate":"","_EventStartDateUTC":"","_EventEndDateUTC":"","_EventShowMap":false,"_EventShowMapLink":false,"_EventURL":"","_EventCost":"","_EventCostDescription":"","_EventCurrencySymbol":"","_EventCurrencyCode":"","_EventCurrencyPosition":"","_EventDateTimeSeparator":"","_EventTimeRangeSeparator":"","_EventOrganizerID":[],"_EventVenueID":[],"_OrganizerEmail":"","_OrganizerPhone":"","_OrganizerWebsite":"","_VenueAddress":"","_VenueCity":"","_VenueCountry":"","_VenueProvince":"","_VenueState":"","_VenueZip":"","_VenuePhone":"","_VenueURL":"","_VenueStateProvince":"","_VenueLat":"","_VenueLng":"","_VenueShowMap":false,"_VenueShowMapLink":false,"_tribe_blocks_recurrence_rules":"","_tribe_blocks_recurrence_description":"","_tribe_blocks_recurrence_exclusions":""},"product_brand":[],"product_cat":[273,213],"product_tag":[656,612,652],"class_list":{"0":"post-8320","1":"product","2":"type-product","3":"status-publish","4":"has-post-thumbnail","6":"product_cat-plavby-lodou-prahou-pre-skupiny","7":"product_cat-gastronomicke-plavby-sk","8":"product_tag-2hodinovy-vylet-lodou","9":"product_tag-plavba-s-veceri-sk","10":"product_tag-vecera-na-lodi","12":"first","13":"instock","14":"featured","15":"virtual","16":"sold-individually","17":"purchasable","18":"product-type-booking"},"booking_location":"","booking_location_type":"","booking_duration":2,"booking_duration_unit":"hour","booking_buffer":0,"booking_cost":0,"booking_resources":[],"aioseo_notices":[],"jetpack_sharing_enabled":true,"_links":{"self":[{"href":"https:\/\/praguecruises.eu\/sk\/wp-json\/wp\/v2\/product\/8320","targetHints":{"allow":["GET"]}}],"collection":[{"href":"https:\/\/praguecruises.eu\/sk\/wp-json\/wp\/v2\/product"}],"about":[{"href":"https:\/\/praguecruises.eu\/sk\/wp-json\/wp\/v2\/types\/product"}],"wp:featuredmedia":[{"embeddable":true,"href":"https:\/\/praguecruises.eu\/sk\/wp-json\/wp\/v2\/media\/8324"}],"wp:attachment":[{"href":"https:\/\/praguecruises.eu\/sk\/wp-json\/wp\/v2\/media?parent=8320"}],"wp:term":[{"taxonomy":"product_brand","embeddable":true,"href":"https:\/\/praguecruises.eu\/sk\/wp-json\/wp\/v2\/product_brand?post=8320"},{"taxonomy":"product_cat","embeddable":true,"href":"https:\/\/praguecruises.eu\/sk\/wp-json\/wp\/v2\/product_cat?post=8320"},{"taxonomy":"product_tag","embeddable":true,"href":"https:\/\/praguecruises.eu\/sk\/wp-json\/wp\/v2\/product_tag?post=8320"}],"curies":[{"name":"wp","href":"https:\/\/api.w.org\/{rel}","templated":true}]}}