{"id":5481,"date":"2023-07-23T19:19:05","date_gmt":"2023-07-23T17:19:05","guid":{"rendered":"https:\/\/praguecruises.eu\/cruise\/privatne-party-na-lodi-pocas-plavby-prahou-8-30-osob\/"},"modified":"2026-03-02T20:27:41","modified_gmt":"2026-03-02T19:27:41","slug":"privatna-party-na-lodi-pocas-plavby-prahou-8-30-osob","status":"publish","type":"product","link":"https:\/\/praguecruises.eu\/sk\/plavba\/privatna-party-na-lodi-pocas-plavby-prahou-8-30-osob\/","title":{"rendered":"Priv\u00e1tna P\u00c1RTY NA LODI po\u010das plavby Prahou (4-40 os\u00f4b)"},"content":{"rendered":"<h3>Vhodn&eacute; pre 4-40 os&ocirc;b a udalos&#357; typu<\/h3>\n<ul>\n<li><strong>Rozl&uacute;&#269;ka so slobodou<\/strong><\/li>\n<li><strong>Narodeninov&aacute; oslava<\/strong><\/li>\n<li><strong>Svadobn&eacute; afterparty<\/strong><\/li>\n<li><strong>Prom&oacute;cie<\/strong><\/li>\n<li><strong>Firemn&yacute; ve&#269;ierok<\/strong><\/li>\n<li><strong>Viano&#269;n&yacute; ve&#269;ierok<\/strong><\/li>\n<\/ul>\n<h3>Z&aacute;kladn&aacute; charakteristika plavby<\/h3>\n<ul>\n<li><strong>D&#314;&#382;ka plavby:<\/strong> Volite&#318;n&aacute; (minim&aacute;lne 1 hodina)<\/li>\n<li><strong>Trasa plavby:<\/strong> Volite&#318;n&aacute;<\/li>\n<li><strong>Dni:<\/strong> Ktor&yacute;ko&#318;vek de&#328; v t&yacute;&#382;dni<\/li>\n<li><strong>&#268;as odpl&aacute;vania:<\/strong> Volite&#318;n&yacute;<\/li>\n<li><strong>&#268;as nalodenia:<\/strong> 15 min&uacute;t pred za&#269;iatkom plavby<\/li>\n<li><strong>Miesto nalodenia:<\/strong> Z pr&iacute;staviska ne&#271;aleko &Scaron;tef&aacute;nikovho mosta alebo Vy&scaron;ehradsk&eacute;ho &#382;elezni&#269;n&eacute;ho mosta, Praha 1 (plavba za&#269;&iacute;na a kon&#269;&iacute; na rovnakom mieste)<\/li>\n<li><strong>Platba:<\/strong> Prevodom na &uacute;&#269;et (a&#382; po ods&uacute;hlasenie presnej podoby plavby)<\/li>\n<li><strong>Digit&aacute;lny palubn&yacute; l&iacute;stok (voucher):<\/strong> Voucher nie je potrebn&eacute; tla&#269;i&#357;<\/li>\n<\/ul>\n<h3>Niektor&eacute; z volite&#318;n&yacute;ch slu&#382;ieb<\/h3>\n<ul>\n<li><strong>Catering:<\/strong> Drobn&eacute; ob&#269;erstvenie, r&ocirc;zne druhy rautov, raut z va&scaron;ej ob&#318;&uacute;benej re&scaron;taur&aacute;cie, v&aacute;&scaron; vlastn&yacute; raut (za pr&iacute;platok)<\/li>\n<li><strong>N&aacute;pojov&eacute; bal&iacute;&#269;ky:<\/strong> Welcome drink, neobmedzen&aacute; konzum&aacute;cia, ka&#382;d&yacute; za svoje, va&scaron;e vlastn&eacute; n&aacute;poje (za pr&iacute;platok)<\/li>\n<li><strong>St&aacute;tie:<\/strong> Pred&#314;&#382;enie doby organizovanej akcie nad r&aacute;mec vlastnej plavby st&aacute;t&iacute;m pri brehu<\/li>\n<li><strong>Hudba:<\/strong> Va&scaron;a vlastn&aacute; reprodukovan&aacute; hudba, DJ, diskot&eacute;ka, karaoke<\/li>\n<li><strong>V&yacute;zdoba lode:<\/strong> Balonkov&aacute; v&yacute;zdoba a in&eacute; tematick&eacute; dekor&aacute;cie<\/li>\n<li><strong>Grilovanie<\/strong><\/li>\n<li><strong>Barmansk&aacute; show<\/strong><\/li>\n<li><strong>Afro buben&iacute;cka show<br>\n<\/strong><\/li>\n<li><strong>Afro tane&#269;n&aacute; show<\/strong><\/li>\n<li><strong>Stript&iacute;zov&eacute; vyst&uacute;penie<\/strong> (p&aacute;nske, d&aacute;mske)<\/li>\n<li><strong>K&uacute;zeln&iacute;k<\/strong><\/li>\n<li>a &#271;al&scaron;ie<\/li>\n<\/ul>\n<h3>Vybavenie lode<\/h3>\n<ul>\n<li><strong>Pre plavby s rautmi je k dispoz&iacute;cii 11 alebo 30 miest<\/strong> vo vn&uacute;tornom krytom sal&oacute;ne<\/li>\n<li><strong>1x kryt&yacute; sal&oacute;n<\/strong> (podpalubie) &ndash; pod&#318;a po&#269;asia klimatizovan&yacute; alebo vykurovan&yacute;<\/li>\n<li><strong>Slne&#269;n&aacute; paluba<\/strong> (otvoren&aacute; horn&aacute; paluba)<strong><br>\n<\/strong><\/li>\n<li><strong>Klimatiz&aacute;cia<\/strong> <strong>a vykurovanie<\/strong><\/li>\n<li><strong>Bar<\/strong> s tepl&yacute;mi a studen&yacute;mi n&aacute;pojmi<\/li>\n<li><strong>Toalety<\/strong><\/li>\n<li><strong>Platobn&yacute; termin&aacute;l pre platby kartou<\/strong> (K&#269;, EUR)<\/li>\n<li><strong>Bluetooth sound syst&eacute;m<\/strong><\/li>\n<li><strong>Wifi pripojenie<\/strong><\/li>\n<\/ul>\n<h3>Cena<\/h3>\n<ul>\n<li><strong>Zobrazovan&aacute; cena od 6990 K&#269;:<\/strong> Zodpoved&aacute; z&aacute;kladnej cene za pren&aacute;jom celej lode na hodinov&uacute; plavbu (bez rautu a &#271;al&scaron;&iacute;ch slu&#382;ieb) pre 4-11 os&ocirc;b. <strong>Pri 12-40 osob&aacute;ch je cena od 11490 K&#269;.<\/strong><\/li>\n<li><strong>Cena rautu, n&aacute;pojov a doplnkov&yacute;ch slu&#382;ieb:<\/strong> Je z&aacute;visl&aacute; na va&scaron;ich po&#382;iadavk&aacute;ch na raut, n&aacute;poje a doplnkov&eacute; slu&#382;by. Konkr&eacute;tna ponuka na mieru v&aacute;m bude zaslan&aacute; na z&aacute;klade v&aacute;&scaron;ho dopytu.<\/li>\n<li><strong>Kone&#269;n&aacute; cena:<\/strong> Je individu&aacute;lna a je z&aacute;visl&aacute; na celkovej d&#314;&#382;ke plavby vr&aacute;tane pr&iacute;padn&eacute;ho st&aacute;tia pri brehu, celkovom po&#269;te os&ocirc;b a v&scaron;etk&yacute;ch &#271;al&scaron;&iacute;ch po&#382;iadavk&aacute;ch. Celkov&aacute; cenov&aacute; ponuka v&aacute;m bude zaslan&aacute; <strong>na z&aacute;klade konkr&eacute;tneho dopytu.<\/strong><\/li>\n<\/ul>\n","protected":false},"excerpt":{"rendered":"<h2>M&aacute;te narodeniny, l&uacute;&#269;ite so slobodou, oslavujete prom&oacute;ciu, beriete sa? Tak nev&aacute;hajte a odvia&#382;te sa na va&scaron;ej s&uacute;kromnej p&aacute;rty na lodi pl&aacute;vaj&uacute;cej Prahou. Na t&uacute;to p&aacute;rty nezabudnete!<\/h2>\n","protected":false},"featured_media":2998,"template":"","meta":{"_tec_requires_first_save":true,"_EventAllDay":false,"_EventTimezone":"","_EventStartDate":"","_EventEndDate":"","_EventStartDateUTC":"","_EventEndDateUTC":"","_EventShowMap":false,"_EventShowMapLink":false,"_EventURL":"","_EventCost":"","_EventCostDescription":"","_EventCurrencySymbol":"","_EventCurrencyCode":"","_EventCurrencyPosition":"","_EventDateTimeSeparator":"","_EventTimeRangeSeparator":"","_EventOrganizerID":[],"_EventVenueID":[],"_OrganizerEmail":"","_OrganizerPhone":"","_OrganizerWebsite":"","_VenueAddress":"","_VenueCity":"","_VenueCountry":"","_VenueProvince":"","_VenueState":"","_VenueZip":"","_VenuePhone":"","_VenueURL":"","_VenueStateProvince":"","_VenueLat":"","_VenueLng":"","_VenueShowMap":false,"_VenueShowMapLink":false,"_tribe_blocks_recurrence_rules":"","_tribe_blocks_recurrence_description":"","_tribe_blocks_recurrence_exclusions":""},"product_brand":[],"product_cat":[275,213,214,226],"product_tag":[670,720,504,612,652],"class_list":{"0":"post-5481","1":"product","2":"type-product","3":"status-publish","4":"has-post-thumbnail","6":"product_cat-sukromne-plavby-lodou-prahou","7":"product_cat-gastronomicke-plavby-sk","8":"product_cat-vyhliadkove-plavby","9":"product_cat-zazitkove-plavby-sk","10":"product_tag-3hodinovy-vylet-lodou","11":"product_tag-obed-na-lodi","12":"product_tag-plavba-s-obedom","13":"product_tag-plavba-s-veceri-sk","14":"product_tag-vecera-na-lodi","16":"first","17":"instock","18":"featured","19":"virtual","20":"sold-individually","21":"purchasable","22":"product-type-booking"},"booking_location":"","booking_location_type":"","booking_duration":1,"booking_duration_unit":"hour","booking_buffer":0,"booking_cost":0,"booking_resources":[],"aioseo_notices":[],"jetpack_sharing_enabled":true,"_links":{"self":[{"href":"https:\/\/praguecruises.eu\/sk\/wp-json\/wp\/v2\/product\/5481","targetHints":{"allow":["GET"]}}],"collection":[{"href":"https:\/\/praguecruises.eu\/sk\/wp-json\/wp\/v2\/product"}],"about":[{"href":"https:\/\/praguecruises.eu\/sk\/wp-json\/wp\/v2\/types\/product"}],"wp:featuredmedia":[{"embeddable":true,"href":"https:\/\/praguecruises.eu\/sk\/wp-json\/wp\/v2\/media\/2998"}],"wp:attachment":[{"href":"https:\/\/praguecruises.eu\/sk\/wp-json\/wp\/v2\/media?parent=5481"}],"wp:term":[{"taxonomy":"product_brand","embeddable":true,"href":"https:\/\/praguecruises.eu\/sk\/wp-json\/wp\/v2\/product_brand?post=5481"},{"taxonomy":"product_cat","embeddable":true,"href":"https:\/\/praguecruises.eu\/sk\/wp-json\/wp\/v2\/product_cat?post=5481"},{"taxonomy":"product_tag","embeddable":true,"href":"https:\/\/praguecruises.eu\/sk\/wp-json\/wp\/v2\/product_tag?post=5481"}],"curies":[{"name":"wp","href":"https:\/\/api.w.org\/{rel}","templated":true}]}}