{"id":3925,"date":"2024-07-27T20:58:02","date_gmt":"2024-07-27T18:58:02","guid":{"rendered":"https:\/\/praguecruises.eu\/?post_type=product&#038;p=3925"},"modified":"2026-01-05T22:16:45","modified_gmt":"2026-01-05T21:16:45","slug":"silvestrovska-plavba-prahou-s-vecerou-hudbou-a-polnocnym-ohnostrojom","status":"publish","type":"product","link":"https:\/\/praguecruises.eu\/sk\/plavba\/silvestrovska-plavba-prahou-s-vecerou-hudbou-a-polnocnym-ohnostrojom\/","title":{"rendered":"SILVESTROVSK\u00c1 plavba Prahou s ve\u010derou, hudbou a polno\u010dn\u00fdm OH\u0147OSTROJOM (22:00-00:30)"},"content":{"rendered":"<h3>Z&aacute;kladn&aacute; charakteristika trojhodinovej silvestrovskej plavby<\/h3>\n<ul>\n<li><strong>Plavba:<\/strong> 2,5 hodiny <strong>(22:00-00:30)<\/strong><\/li>\n<li><strong>Datum:<\/strong> 31. prosince 2026<\/li>\n<li><strong>&#268;as odpl&aacute;vania:<\/strong> 22:00<\/li>\n<li><strong>&#268;as nalodenia &ndash; od 21:30:<\/strong> Na m&oacute;lo sa dostavte aspo&#328; 30 min&uacute;t pred za&#269;iatkom plavby<\/li>\n<li><strong>Celkov&eacute; trvanie akcie:<\/strong> <strong>3 hodiny<\/strong><\/li>\n<li><strong>Miesto nalodenia:<\/strong> Z pr&iacute;staviska ne&#271;aleko &Scaron;tef&aacute;nikovho mosta &ndash; Praha 1 (plavba za&#269;&iacute;na a kon&#269;&iacute; na rovnakom mieste)<\/li>\n<li><strong>Predrezerv&aacute;cia: Predbe&#382;n&aacute; (nez&aacute;v&auml;zn&aacute;) rezerv&aacute;cia<\/strong> v&aacute;m zaist&iacute; prednostn&eacute; miesta na palube. Aktu&aacute;lne nemo&#382;no vyl&uacute;&#269;i&#357; mal&eacute; zmeny v podobe plavby (zlo&#382;enie rautu atp.), preto ju bude mo&#382;n&eacute; z&aacute;v&auml;zne objedna&#357; a&#382; v okt&oacute;bri 2026, o &#269;om v&aacute;s budeme prednostne informova&#357; v pr&iacute;pade, &#382;e si ju teraz predbe&#382;ne rezervujete.<\/li>\n<li><strong>Rezerv&aacute;cia:<\/strong> Z&aacute;v&auml;zn&aacute; rezerv&aacute;cia miest na palube oproti &uacute;hrade z&aacute;v&auml;znej objedn&aacute;vky plavby<\/li>\n<li><a href=\"https:\/\/praguecruises.eu\/sk\/bezpecne-online-platby-rezervacny-system-prague-cruises\/\"><strong>Bezpe&#269;n&aacute; platba za plavbu: <\/strong>kartou cez slu&#382;bu <strong>PayPal <\/strong> <\/a><\/li>\n<li><strong>Zru&scaron;enie:<\/strong> Plavbu zru&scaron;te najnesk&ocirc;r 30. novembra 2026, aby ste z&iacute;skali n&aacute;hradu*<\/li>\n<li><strong>Digit&aacute;lny palubn&yacute; l&iacute;stok (voucher):<\/strong> Voucher nie je potrebn&eacute; tla&#269;i&#357;<\/li>\n<\/ul>\n<h3>&#268;o je s&uacute;&#269;as&#357;ou 3hodinovej silvestrovskej plavby<\/h3>\n<ul>\n<li><strong>Uv&iacute;tac&iacute; welcome drink<\/strong><\/li>\n<li><strong>Plavba samotn&yacute;m srdcom Prahy<\/strong> okolo najzn&aacute;mej&scaron;&iacute;ch historick&yacute;ch pamiatok (pozri &#271;alej Historick&eacute; pamiatky po trase plavby)<\/li>\n<li><strong>1. ve&#269;era formou rautu<\/strong> (tepl&aacute; kuchy&#328;a, studen&aacute; kuchy&#328;a, dezerty, &#269;erstv&eacute; ovocie a zelenina)<\/li>\n<li><strong>Polno&#269;n&yacute; pr&iacute;pitok<\/strong> (Bohemia sekt 0,375 l) na otvorenej hornej palube <strong>po&#269;as polno&#269;n&eacute;ho silvestrovsk&eacute;ho oh&#328;ostroja<\/strong><\/li>\n<li><strong><strong>2. polno&#269;n&yacute; raut<\/strong><\/strong><\/li>\n<li><strong>Hudba<\/strong><\/li>\n<\/ul>\n<h3>Vybavenie lode<\/h3>\n<ul>\n<li><strong>2x vn&uacute;torn&yacute; sal&oacute;n <\/strong>(v podpalub&iacute;) &ndash; klimatizovan&yacute; alebo vykurovan&yacute; v z&aacute;vislosti od po&#269;asia<\/li>\n<li><strong>Slne&#269;n&aacute; paluba<\/strong> (otvoren&aacute; horn&aacute; paluba)<\/li>\n<li><strong>Bar<\/strong> s tepl&yacute;mi a studen&yacute;mi n&aacute;pojmi (okrem welcome drinku a polno&#269;n&eacute;ho pr&iacute;pitku &ndash; nie s&uacute; &#271;al&scaron;ie n&aacute;poje v cene plavby)<\/li>\n<li><strong>Vlastn&aacute;<\/strong> &ndash; plne vybaven&aacute; &ndash; <strong>kuchy&#328;a<\/strong><\/li>\n<li><strong>Toalety<\/strong><\/li>\n<li><strong>Klimatiz&aacute;cia<\/strong><\/li>\n<li><strong>Vykurovanie<\/strong><\/li>\n<li><strong>Platobn&yacute; termin&aacute;l pre platby kartou<\/strong><\/li>\n<\/ul>\n<h3>Historick&eacute; pamiatky na trase plavby<\/h3>\n<ul>\n<li><a class=\"glossaryLink\"  aria-describedby=\"tt\"  data-cmtooltip=\"&lt;div class=glossaryItemBody&gt;&lt;img width=&#039;200&#039; height=&#039;133&#039; src=&#039;https:\/\/i0.wp.com\/praguecruises.eu\/wp-content\/uploads\/2024\/07\/hrad-prazsky-5.jpg?fit=200%2C133&amp;amp;ssl=1&#039; class=&#039;cmtt-tooltip-featured-image wp-post-image&#039; alt=&#039;Pra&#382;sk&yacute; hrad&#039; style=&#039;width: 200px; margin-top: 2%;float: right; margin-left: 2%;&#039; sizes=&#039;(max-width: 9999px) 200px,auto&#039; loading=&#039;eager&#039; srcset=&#039;https:\/\/i0.wp.com\/praguecruises.eu\/wp-content\/uploads\/2024\/07\/hrad-prazsky-5.jpg?w=1200&amp;amp;ssl=1 1200w, https:\/\/i0.wp.com\/praguecruises.eu\/wp-content\/uploads\/2024\/07\/hrad-prazsky-5.jpg?resize=324%2C216&amp;amp;ssl=1 324w, https:\/\/i0.wp.com\/praguecruises.eu\/wp-content\/uploads\/2024\/07\/hrad-prazsky-5.jpg?resize=416%2C277&amp;amp;ssl=1 416w, https:\/\/i0.wp.com\/praguecruises.eu\/wp-content\/uploads\/2024\/07\/hrad-prazsky-5.jpg?resize=300%2C200&amp;amp;ssl=1 300w, https:\/\/i0.wp.com\/praguecruises.eu\/wp-content\/uploads\/2024\/07\/hrad-prazsky-5.jpg?resize=1024%2C683&amp;amp;ssl=1 1024w, https:\/\/i0.wp.com\/praguecruises.eu\/wp-content\/uploads\/2024\/07\/hrad-prazsky-5.jpg?resize=768%2C512&amp;amp;ssl=1 768w&#039; \/&gt;Pra&#382;sk&yacute; hrad je historick&aacute; pevnos&#357; a s&iacute;dlo &#269;esk&yacute;ch panovn&iacute;kov a prezidentov v Prahe. Je to jeden z najv&auml;&#269;&scaron;&iacute;ch hradn&yacute;ch komplexov na svete a hlavn&aacute; turistick&aacute; atrakcia. &lt;\/div&gt;\"  href=\"https:\/\/praguecruises.eu\/sk\/glossary\/prazsky-hrad\/\"  data-mobile-support=\"0\"  data-gt-translate-attributes='[{\"attribute\":\"data-cmtooltip\", \"format\":\"html\"}]' tabindex='0' role='link'>Pra&#382;sk&yacute; hrad<\/a><\/li>\n<li><a class=\"glossaryLink\"  aria-describedby=\"tt\"  data-cmtooltip=\"&lt;div class=glossaryItemBody&gt;&lt;img width=&#039;200&#039; height=&#039;133&#039; src=&#039;https:\/\/i0.wp.com\/praguecruises.eu\/wp-content\/uploads\/2024\/07\/karluv-most-vltava.jpg?fit=200%2C133&amp;amp;ssl=1&#039; class=&#039;cmtt-tooltip-featured-image wp-post-image&#039; alt=&#039;&#039; style=&#039;width: 200px; margin-top: 2%;float: right; margin-left: 2%;&#039; sizes=&#039;(max-width: 9999px) 200px,auto&#039; loading=&#039;eager&#039; srcset=&#039;https:\/\/i0.wp.com\/praguecruises.eu\/wp-content\/uploads\/2024\/07\/karluv-most-vltava.jpg?w=1200&amp;amp;ssl=1 1200w, https:\/\/i0.wp.com\/praguecruises.eu\/wp-content\/uploads\/2024\/07\/karluv-most-vltava.jpg?resize=324%2C216&amp;amp;ssl=1 324w, https:\/\/i0.wp.com\/praguecruises.eu\/wp-content\/uploads\/2024\/07\/karluv-most-vltava.jpg?resize=416%2C277&amp;amp;ssl=1 416w, https:\/\/i0.wp.com\/praguecruises.eu\/wp-content\/uploads\/2024\/07\/karluv-most-vltava.jpg?resize=300%2C200&amp;amp;ssl=1 300w, https:\/\/i0.wp.com\/praguecruises.eu\/wp-content\/uploads\/2024\/07\/karluv-most-vltava.jpg?resize=1024%2C683&amp;amp;ssl=1 1024w, https:\/\/i0.wp.com\/praguecruises.eu\/wp-content\/uploads\/2024\/07\/karluv-most-vltava.jpg?resize=768%2C512&amp;amp;ssl=1 768w&#039; \/&gt;Karlov most je historick&yacute; kamenn&yacute; most v Prahe cez rieku Vltavu. Most bol postaven&yacute; na pr&iacute;kaz cis&aacute;ra Karla IV. a je jednou z najzn&aacute;mej&scaron;&iacute;ch pamiatok v &#268;eskej republike.&lt;\/div&gt;\"  href=\"https:\/\/praguecruises.eu\/sk\/glossary\/karlov-most\/\"  data-mobile-support=\"0\"  data-gt-translate-attributes='[{\"attribute\":\"data-cmtooltip\", \"format\":\"html\"}]' tabindex='0' role='link'>Karlov most<\/a><\/li>\n<li>Malostransk&aacute; mosteck&aacute; ve&#382;a<\/li>\n<li>Staromestsk&aacute; mosteck&aacute; ve&#382;a<\/li>\n<li>Rudolfinum<\/li>\n<li>N&aacute;rodn&eacute; divadlo<\/li>\n<li>&Scaron;tef&aacute;nikov most<\/li>\n<li>Star&eacute; Mesto<\/li>\n<li>Nov&eacute; Mesto<\/li>\n<li>Novotn&eacute;ho l&aacute;vka<\/li>\n<li>Staromestsk&aacute; vod&aacute;re&#328; &ndash; M&uacute;zeum Bed&#345;icha Smetany<\/li>\n<li>Mal&aacute; Strana<\/li>\n<li>Ostrov Kampa<\/li>\n<li>Sovovy mlyny<\/li>\n<li>Pet&#345;&iacute;nska rozh&#318;ad&#328;a<\/li>\n<li>M&uacute;zeum Franza Kafky &ndash; Hergetova tehel&#328;a<\/li>\n<li>M&aacute;nesov most<\/li>\n<li>Most L&eacute;gi&iacute;<\/li>\n<li>Strakova akad&eacute;mia &ndash; budova Vl&aacute;dy &#268;R<\/li>\n<li>&#268;echov Most<\/li>\n<li>Budova Ministerstva priemyslu a obchodu &#268;R<\/li>\n<\/ul>\n<p>*Pri zru&scaron;en&iacute; z&aacute;v&auml;znej objedn&aacute;vky plavby (uhradenej rezerv&aacute;cie) do 31. okt&oacute;bra 2026, v&aacute;m bude na&uacute;&#269;tovan&yacute; storno poplatok vo v&yacute;&scaron;ke 30 % z ceny objedn&aacute;vky, o ktor&yacute; v&aacute;m zn&iacute;&#382;ime vr&aacute;ten&uacute; &#269;iastku. Pri zru&scaron;en&iacute; z&aacute;v&auml;znej objedn&aacute;vky od 1. do 30. novembra 2026, v&aacute;m bude na&uacute;&#269;tovan&yacute; storno poplatok vo v&yacute;&scaron;ke 50 % z ceny objedn&aacute;vky, o ktor&yacute; v&aacute;m zn&iacute;&#382;ime vr&aacute;ten&uacute; &#269;iastku. Pri zru&scaron;en&iacute; z&aacute;v&auml;znej objedn&aacute;vky plavby od 1. do 31. decembra 2026, alebo pokia&#318; sa na objednan&uacute; plavbu nedostav&iacute;te a slu&#382;bu nevy&#269;erp&aacute;te, v&aacute;m bude na&uacute;&#269;tovan&yacute; storno poplatok vo v&yacute;&scaron;ke 100% z ceny objedn&aacute;vky. &Uacute;hradou plavby vyjadrujete svoj s&uacute;hlas s uveden&yacute;mi storno podmienkami.<\/p>\n<h3>Nena&scaron;li ste &#269;o ste h&#318;adali?<\/h3>\n<p>Pozrite sa na &#271;al&scaron;ie podobn&eacute; plavby tu:<br>\n<a href=\"https:\/\/praguecruises.eu\/sk\/kategoria-plavby\/silvester-novy-rok\/\"><strong>Silvester 2026 \/ Nov&yacute; rok 2027<\/strong><\/a><\/p>\n","protected":false},"excerpt":{"rendered":"<h2>Osl&aacute;vte Silvestra a Nov&yacute; rok 2027 na lodi (s ve&#269;erou, hudbou, uv&iacute;tac&iacute;m drinkom a polno&#269;n&yacute;m pr&iacute;pitkom) po&#269;as plavby a oh&#328;ostroja v samotnom srdci historickej Prahy!<\/h2>\n","protected":false},"featured_media":9827,"template":"","meta":{"_tec_requires_first_save":true,"_EventAllDay":false,"_EventTimezone":"","_EventStartDate":"","_EventEndDate":"","_EventStartDateUTC":"","_EventEndDateUTC":"","_EventShowMap":false,"_EventShowMapLink":false,"_EventURL":"","_EventCost":"","_EventCostDescription":"","_EventCurrencySymbol":"","_EventCurrencyCode":"","_EventCurrencyPosition":"","_EventDateTimeSeparator":"","_EventTimeRangeSeparator":"","_EventOrganizerID":[],"_EventVenueID":[],"_OrganizerEmail":"","_OrganizerPhone":"","_OrganizerWebsite":"","_VenueAddress":"","_VenueCity":"","_VenueCountry":"","_VenueProvince":"","_VenueState":"","_VenueZip":"","_VenuePhone":"","_VenueURL":"","_VenueStateProvince":"","_VenueLat":"","_VenueLng":"","_VenueShowMap":false,"_VenueShowMapLink":false,"_tribe_blocks_recurrence_rules":"","_tribe_blocks_recurrence_description":"","_tribe_blocks_recurrence_exclusions":""},"product_brand":[],"product_cat":[240,373,213,226],"product_tag":[612,652],"class_list":{"0":"post-3925","1":"product","2":"type-product","3":"status-publish","4":"has-post-thumbnail","6":"product_cat-plavby-lodou-prahou-pre-jednotlivcov","7":"product_cat-silvester-novy-rok","8":"product_cat-gastronomicke-plavby-sk","9":"product_cat-zazitkove-plavby-sk","10":"product_tag-plavba-s-veceri-sk","11":"product_tag-vecera-na-lodi","13":"first","14":"instock","15":"virtual","16":"sold-individually","17":"purchasable","18":"product-type-booking"},"booking_location":"","booking_location_type":"","booking_duration":1,"booking_duration_unit":"day","booking_buffer":0,"booking_cost":0,"booking_resources":[],"aioseo_notices":[],"jetpack_sharing_enabled":true,"_links":{"self":[{"href":"https:\/\/praguecruises.eu\/sk\/wp-json\/wp\/v2\/product\/3925","targetHints":{"allow":["GET"]}}],"collection":[{"href":"https:\/\/praguecruises.eu\/sk\/wp-json\/wp\/v2\/product"}],"about":[{"href":"https:\/\/praguecruises.eu\/sk\/wp-json\/wp\/v2\/types\/product"}],"wp:featuredmedia":[{"embeddable":true,"href":"https:\/\/praguecruises.eu\/sk\/wp-json\/wp\/v2\/media\/9827"}],"wp:attachment":[{"href":"https:\/\/praguecruises.eu\/sk\/wp-json\/wp\/v2\/media?parent=3925"}],"wp:term":[{"taxonomy":"product_brand","embeddable":true,"href":"https:\/\/praguecruises.eu\/sk\/wp-json\/wp\/v2\/product_brand?post=3925"},{"taxonomy":"product_cat","embeddable":true,"href":"https:\/\/praguecruises.eu\/sk\/wp-json\/wp\/v2\/product_cat?post=3925"},{"taxonomy":"product_tag","embeddable":true,"href":"https:\/\/praguecruises.eu\/sk\/wp-json\/wp\/v2\/product_tag?post=3925"}],"curies":[{"name":"wp","href":"https:\/\/api.w.org\/{rel}","templated":true}]}}