{"id":3088,"date":"2025-01-19T16:17:10","date_gmt":"2025-01-19T15:17:10","guid":{"rendered":"https:\/\/praguecruises.eu\/cruise\/hodinova-panoramaticka-plavba-historickym-srdcom-prahy\/"},"modified":"2026-01-05T20:58:46","modified_gmt":"2026-01-05T19:58:46","slug":"hodinova-panoramaticka-plavba-historickym-srdcom-prahy","status":"publish","type":"product","link":"https:\/\/praguecruises.eu\/sk\/plavba\/hodinova-panoramaticka-plavba-historickym-srdcom-prahy\/","title":{"rendered":"Hodinov\u00e1 PANORAMATICK\u00c1 plavba historick\u00fdm srdcom Prahy"},"content":{"rendered":"<h3>Z&aacute;kladn&aacute; charakteristika plavby<\/h3>\n<ul>\n<li><strong>Plavba:<\/strong> 1 hodina<\/li>\n<li><strong>Dni:<\/strong> Denne (okrem 19.11.2026 &ndash; 20.12.2026 v&#382;dy &scaron;tvrtok a&#382; nede&#318;a, kedy si naopak m&ocirc;&#382;ete u&#382;i&#357; &scaron;peci&aacute;lnu <a href=\"https:\/\/praguecruises.eu\/sk\/plavba\/adventna-plavba-prahou-s-vianocnymi-cukrovinkami-a-horucim-napojom\/\">Adventn&uacute; plavbu s viano&#269;n&yacute;mi cukrovinkami a hor&uacute;cim n&aacute;pojom<\/a>)<\/li>\n<li><strong>&#268;asy odpl&aacute;vania:<\/strong> 11:00, 12:00, 15:00, 16:00, 17:00<\/li>\n<li><strong>&#268;as nalodenia:<\/strong> Na m&oacute;lo sa dostavte aspo&#328; 15 min&uacute;t pred za&#269;iatkom plavby<\/li>\n<li><strong>Miesto nalodenia:<\/strong> Z pr&iacute;staviska ne&#271;aleko &Scaron;tef&aacute;nikovho mosta (plavba za&#269;&iacute;na a kon&#269;&iacute; na rovnakom mieste)<\/li>\n<li><strong>Rezerv&aacute;cia zadarmo:<\/strong> Rezervujte si miesto ihne&#271; a pla&#357;te a&#382; nesk&ocirc;r (najnesk&ocirc;r v&scaron;ak 24 hod&iacute;n pred odpl&aacute;van&iacute;m)<\/li>\n<li><a href=\"https:\/\/praguecruises.eu\/sk\/bezpecne-online-platby-rezervacny-system-prague-cruises\/\"><strong>Bezpe&#269;n&aacute; platba za plavbu: <\/strong>kartou cez slu&#382;bu <strong>PayPal <\/strong> <\/a><\/li>\n<li><strong>Zru&scaron;enie:<\/strong> Plavbu zru&scaron;te najnesk&ocirc;r 24 hod&iacute;n vopred, aby ste z&iacute;skali n&aacute;hradu*<\/li>\n<li><strong>Digit&aacute;lny palubn&yacute; l&iacute;stok (voucher):<\/strong> Voucher nie je potrebn&eacute; tla&#269;i&#357;<\/li>\n<\/ul>\n<h3>&#268;o je s&uacute;&#269;as&#357;ou vyhliadkovej plavby<\/h3>\n<ul>\n<li><strong>Plavba samotn&yacute;m srdcom Prahy<\/strong> okolo najzn&aacute;mej&scaron;&iacute;ch historick&yacute;ch pamiatok (pozri &#271;alej Historick&eacute; pamiatky po trase plavby)<\/li>\n<li><strong>Audiosprievodca:<\/strong> &#269;e&scaron;tina, angli&#269;tina, nem&#269;ina, ru&scaron;tina<\/li>\n<\/ul>\n<h3>Vybavenie lode<\/h3>\n<ul>\n<li><strong>2x vn&uacute;torn&yacute; sal&oacute;n <\/strong>(v podpalub&iacute;) &ndash; klimatizovan&yacute; alebo vykurovan&yacute; v z&aacute;vislosti od po&#269;asia<\/li>\n<li><strong>Slne&#269;n&aacute; paluba<\/strong> (otvoren&aacute; horn&aacute; paluba)<\/li>\n<li><strong>Toalety<\/strong><\/li>\n<li><strong>Bar<\/strong> s tepl&yacute;mi a studen&yacute;mi n&aacute;pojmi (n&aacute;poje nie s&uacute; v cene plavby)<\/li>\n<li><strong>Vlastn&aacute;<\/strong> &ndash; plne vybaven&aacute; &ndash; <strong>kuchy&#328;a<\/strong><\/li>\n<li><strong>Klimatiz&aacute;cia<\/strong><\/li>\n<li><strong>Vykurovanie<\/strong><\/li>\n<li><strong>Platobn&yacute; termin&aacute;l pre platby kartou<\/strong><\/li>\n<\/ul>\n<h3>Historick&eacute; pamiatky po trase plavby<\/h3>\n<ul>\n<li><a class=\"glossaryLink\"  aria-describedby=\"tt\"  data-cmtooltip=\"&lt;div class=glossaryItemBody&gt;&lt;img width=&#039;200&#039; height=&#039;133&#039; src=&#039;https:\/\/i0.wp.com\/praguecruises.eu\/wp-content\/uploads\/2024\/07\/hrad-prazsky-5.jpg?fit=200%2C133&amp;amp;ssl=1&#039; class=&#039;cmtt-tooltip-featured-image wp-post-image&#039; alt=&#039;Pra&#382;sk&yacute; hrad&#039; style=&#039;width: 200px; margin-top: 2%;float: right; margin-left: 2%;&#039; sizes=&#039;(max-width: 9999px) 200px,auto&#039; loading=&#039;eager&#039; srcset=&#039;https:\/\/i0.wp.com\/praguecruises.eu\/wp-content\/uploads\/2024\/07\/hrad-prazsky-5.jpg?w=1200&amp;amp;ssl=1 1200w, https:\/\/i0.wp.com\/praguecruises.eu\/wp-content\/uploads\/2024\/07\/hrad-prazsky-5.jpg?resize=324%2C216&amp;amp;ssl=1 324w, https:\/\/i0.wp.com\/praguecruises.eu\/wp-content\/uploads\/2024\/07\/hrad-prazsky-5.jpg?resize=416%2C277&amp;amp;ssl=1 416w, https:\/\/i0.wp.com\/praguecruises.eu\/wp-content\/uploads\/2024\/07\/hrad-prazsky-5.jpg?resize=300%2C200&amp;amp;ssl=1 300w, https:\/\/i0.wp.com\/praguecruises.eu\/wp-content\/uploads\/2024\/07\/hrad-prazsky-5.jpg?resize=1024%2C683&amp;amp;ssl=1 1024w, https:\/\/i0.wp.com\/praguecruises.eu\/wp-content\/uploads\/2024\/07\/hrad-prazsky-5.jpg?resize=768%2C512&amp;amp;ssl=1 768w&#039; \/&gt;Pra&#382;sk&yacute; hrad je historick&aacute; pevnos&#357; a s&iacute;dlo &#269;esk&yacute;ch panovn&iacute;kov a prezidentov v Prahe. Je to jeden z najv&auml;&#269;&scaron;&iacute;ch hradn&yacute;ch komplexov na svete a hlavn&aacute; turistick&aacute; atrakcia. &lt;\/div&gt;\"  href=\"https:\/\/praguecruises.eu\/sk\/glossary\/prazsky-hrad\/\"  data-mobile-support=\"0\"  data-gt-translate-attributes='[{\"attribute\":\"data-cmtooltip\", \"format\":\"html\"}]' tabindex='0' role='link'>Pra&#382;sk&yacute; hrad<\/a><\/li>\n<li><a class=\"glossaryLink\"  aria-describedby=\"tt\"  data-cmtooltip=\"&lt;div class=glossaryItemBody&gt;&lt;img width=&#039;200&#039; height=&#039;133&#039; src=&#039;https:\/\/i0.wp.com\/praguecruises.eu\/wp-content\/uploads\/2024\/07\/karluv-most-vltava.jpg?fit=200%2C133&amp;amp;ssl=1&#039; class=&#039;cmtt-tooltip-featured-image wp-post-image&#039; alt=&#039;&#039; style=&#039;width: 200px; margin-top: 2%;float: right; margin-left: 2%;&#039; sizes=&#039;(max-width: 9999px) 200px,auto&#039; loading=&#039;eager&#039; srcset=&#039;https:\/\/i0.wp.com\/praguecruises.eu\/wp-content\/uploads\/2024\/07\/karluv-most-vltava.jpg?w=1200&amp;amp;ssl=1 1200w, https:\/\/i0.wp.com\/praguecruises.eu\/wp-content\/uploads\/2024\/07\/karluv-most-vltava.jpg?resize=324%2C216&amp;amp;ssl=1 324w, https:\/\/i0.wp.com\/praguecruises.eu\/wp-content\/uploads\/2024\/07\/karluv-most-vltava.jpg?resize=416%2C277&amp;amp;ssl=1 416w, https:\/\/i0.wp.com\/praguecruises.eu\/wp-content\/uploads\/2024\/07\/karluv-most-vltava.jpg?resize=300%2C200&amp;amp;ssl=1 300w, https:\/\/i0.wp.com\/praguecruises.eu\/wp-content\/uploads\/2024\/07\/karluv-most-vltava.jpg?resize=1024%2C683&amp;amp;ssl=1 1024w, https:\/\/i0.wp.com\/praguecruises.eu\/wp-content\/uploads\/2024\/07\/karluv-most-vltava.jpg?resize=768%2C512&amp;amp;ssl=1 768w&#039; \/&gt;Karlov most je historick&yacute; kamenn&yacute; most v Prahe cez rieku Vltavu. Most bol postaven&yacute; na pr&iacute;kaz cis&aacute;ra Karla IV. a je jednou z najzn&aacute;mej&scaron;&iacute;ch pamiatok v &#268;eskej republike.&lt;\/div&gt;\"  href=\"https:\/\/praguecruises.eu\/sk\/glossary\/karlov-most\/\"  data-mobile-support=\"0\"  data-gt-translate-attributes='[{\"attribute\":\"data-cmtooltip\", \"format\":\"html\"}]' tabindex='0' role='link'>Karlov most<\/a><\/li>\n<li>Malostransk&aacute; mosteck&aacute; ve&#382;a<\/li>\n<li>Staromestsk&aacute; mosteck&aacute; ve&#382;a<\/li>\n<li>Rudolfinum<\/li>\n<li>N&aacute;rodn&eacute; divadlo<\/li>\n<li>&Scaron;tef&aacute;nikov most<\/li>\n<li>Star&eacute; Mesto<\/li>\n<li>Nov&eacute; Mesto<\/li>\n<li>Novotn&eacute;ho l&aacute;vka<\/li>\n<li>Staromestsk&aacute; vod&aacute;re&#328; &ndash; M&uacute;zeum Bed&#345;icha Smetany<\/li>\n<li>Mal&aacute; Strana<\/li>\n<li>Ostrov Kampa<\/li>\n<li>Sovovy mlyny<\/li>\n<li>Pet&#345;&iacute;nska rozh&#318;ad&#328;a<\/li>\n<li>M&uacute;zeum Franza Kafky &ndash; Hergetova tehel&#328;a<\/li>\n<li>M&aacute;nesov most<\/li>\n<li>Most L&eacute;gi&iacute;<\/li>\n<li>Strakova akad&eacute;mia &ndash; budova Vl&aacute;dy &#268;R<\/li>\n<li>&#268;echov Most<\/li>\n<li>Budova Ministerstva priemyslu a obchodu &#268;R<\/li>\n<\/ul>\n<p style=\"padding-left: 40px;\">*Pri zru&scaron;en&iacute; z&aacute;v&auml;znej objedn&aacute;vky plavby (uhradenej rezerv&aacute;cie) do maxim&aacute;lne 24 hod&iacute;n pred za&#269;iatkom plavby, v&aacute;m bude na&uacute;&#269;tovan&yacute; storno poplatok vo v&yacute;&scaron;ke 20 % z ceny objedn&aacute;vky, o ktor&yacute; sa v&aacute;m bude zn&iacute;&#382;en&aacute; vr&aacute;ten&aacute; &#269;iastka. Pri zru&scaron;en&iacute; z&aacute;v&auml;znej objedn&aacute;vky plavby (uhradenej rezerv&aacute;cie) nesk&ocirc;r ako 24 hod&iacute;n pred za&#269;iatkom plavby, alebo pokia&#318; sa na objednan&uacute; plavbu nedostav&iacute;te a slu&#382;bu nevy&#269;erp&aacute;te, bude v&aacute;m na&uacute;&#269;tovan&yacute; storno poplatok vo v&yacute;&scaron;ke 100% z ceny objedn&aacute;vky. &Uacute;hradou plavby vyjadrujete svoj s&uacute;hlas s uveden&yacute;mi storno podmienkami.<\/p>\n<h3>Nena&scaron;li ste &#269;o ste h&#318;adali?<\/h3>\n<p>Pozrite sa na &#271;al&scaron;ie <a href=\"https:\/\/praguecruises.eu\/sk\/kategoria-plavby\/vyhliadkove-plavby\/\"><strong>Vyhliadkov&eacute; plavby&nbsp;<\/strong><\/a> alebo <a href=\"https:\/\/praguecruises.eu\/sk\/kategoria-plavby\/gastronomicke-plavby-sk\/\"><strong>Gastronomick&eacute; plavby<\/strong><\/a><\/p>\n","protected":false},"excerpt":{"rendered":"<h2>U&#382;ite si za kr&aacute;tky &#269;as tie najp&ocirc;sobivej&scaron;ie a najv&yacute;znamnej&scaron;ie pamiatky ako Karlov most &#269;i Pra&#382;sk&yacute; hrad po&#269;as hodinovej vyhliadkovej plavby samotn&yacute;m centrom Prahy.<\/h2>\n","protected":false},"featured_media":8368,"template":"","meta":{"_tec_requires_first_save":true,"_EventAllDay":false,"_EventTimezone":"","_EventStartDate":"","_EventEndDate":"","_EventStartDateUTC":"","_EventEndDateUTC":"","_EventShowMap":false,"_EventShowMapLink":false,"_EventURL":"","_EventCost":"","_EventCostDescription":"","_EventCurrencySymbol":"","_EventCurrencyCode":"","_EventCurrencyPosition":"","_EventDateTimeSeparator":"","_EventTimeRangeSeparator":"","_EventOrganizerID":[],"_EventVenueID":[],"_OrganizerEmail":"","_OrganizerPhone":"","_OrganizerWebsite":"","_VenueAddress":"","_VenueCity":"","_VenueCountry":"","_VenueProvince":"","_VenueState":"","_VenueZip":"","_VenuePhone":"","_VenueURL":"","_VenueStateProvince":"","_VenueLat":"","_VenueLng":"","_VenueShowMap":false,"_VenueShowMapLink":false,"_tribe_blocks_recurrence_rules":"","_tribe_blocks_recurrence_description":"","_tribe_blocks_recurrence_exclusions":""},"product_brand":[],"product_cat":[240,214],"product_tag":[667],"class_list":{"0":"post-3088","1":"product","2":"type-product","3":"status-publish","4":"has-post-thumbnail","6":"product_cat-plavby-lodou-prahou-pre-jednotlivcov","7":"product_cat-vyhliadkove-plavby","8":"product_tag-hodinovy-vylet-lodou","10":"first","11":"instock","12":"featured","13":"virtual","14":"sold-individually","15":"purchasable","16":"product-type-booking"},"booking_location":"","booking_location_type":"","booking_duration":1,"booking_duration_unit":"hour","booking_buffer":0,"booking_cost":0,"booking_resources":[],"aioseo_notices":[],"jetpack_sharing_enabled":true,"_links":{"self":[{"href":"https:\/\/praguecruises.eu\/sk\/wp-json\/wp\/v2\/product\/3088","targetHints":{"allow":["GET"]}}],"collection":[{"href":"https:\/\/praguecruises.eu\/sk\/wp-json\/wp\/v2\/product"}],"about":[{"href":"https:\/\/praguecruises.eu\/sk\/wp-json\/wp\/v2\/types\/product"}],"wp:featuredmedia":[{"embeddable":true,"href":"https:\/\/praguecruises.eu\/sk\/wp-json\/wp\/v2\/media\/8368"}],"wp:attachment":[{"href":"https:\/\/praguecruises.eu\/sk\/wp-json\/wp\/v2\/media?parent=3088"}],"wp:term":[{"taxonomy":"product_brand","embeddable":true,"href":"https:\/\/praguecruises.eu\/sk\/wp-json\/wp\/v2\/product_brand?post=3088"},{"taxonomy":"product_cat","embeddable":true,"href":"https:\/\/praguecruises.eu\/sk\/wp-json\/wp\/v2\/product_cat?post=3088"},{"taxonomy":"product_tag","embeddable":true,"href":"https:\/\/praguecruises.eu\/sk\/wp-json\/wp\/v2\/product_tag?post=3088"}],"curies":[{"name":"wp","href":"https:\/\/api.w.org\/{rel}","templated":true}]}}