{"id":13268,"date":"2025-03-02T20:39:42","date_gmt":"2025-03-02T19:39:42","guid":{"rendered":"https:\/\/praguecruises.eu\/ako-uplatnit-darcekovy-certifikat-na-konkretnu-plavbu\/"},"modified":"2025-03-02T21:06:55","modified_gmt":"2025-03-02T20:06:55","slug":"ako-uplatnit-darcekovy-certifikat-na-konkretnu-plavbu","status":"publish","type":"page","link":"https:\/\/praguecruises.eu\/sk\/ako-uplatnit-darcekovy-certifikat-na-konkretnu-plavbu\/","title":{"rendered":"Ako uplatni\u0165 DAR\u010cEKOV\u00dd CERTIFIK\u00c1T na konkr\u00e9tnu plavbu"},"content":{"rendered":"<figure class=\"wp-block-image size-large\"><img data-recalc-dims=\"1\" decoding=\"async\" src=\"https:\/\/i0.wp.com\/praguecruises.eu\/wp-content\/uploads\/2023\/12\/darcekovy-poukaz-na-plavbu-lodou-sk.jpg?w=980&#038;ssl=1\" alt=\"Dar&#269;ekov&yacute; poukaz na plavbu lo&#271;ou &ndash; praguecruises.eu\/sk\"\/><\/figure>\n\n\n\n<p>Pod&#318;a n&aacute;zvu <strong>vyh&#318;adajte<\/strong> <strong>darovan&uacute; plavbu<\/strong> na <a href=\"https:\/\/praguecruises.eu\/sk\/\">praguecruises.eu<\/a> a zarezervujte si ju ako nov&yacute; z&aacute;kazn&iacute;k, teda:<\/p>\n\n\n\n<ul class=\"wp-block-list\">\n<li>Zadajte <strong>po&#269;et os&ocirc;b<\/strong><\/li>\n\n\n\n<li>Vyberte po&#382;adovan&yacute; <strong>d&aacute;tum a &#269;as plavby<\/strong><\/li>\n\n\n\n<li>Zadan&eacute; potvr&#271;te tla&#269;&iacute;tkom <strong>&bdquo;Skontrolujte dostupnos&#357;&ldquo;<\/strong><\/li>\n\n\n\n<li>V poslednom kroku objedn&aacute;vky (<strong>&ldquo;Poklad&#328;a&ldquo;<\/strong>) vypl&#328;te faktura&#269;n&eacute; &uacute;daje a <strong>vlo&#382;te unik&aacute;tny K&Oacute;D z DAR&#268;EKOV&Eacute;HO CERTIFIK&Aacute;TU<\/strong> (Dar&#269;ekov&eacute;ho poukazu na plavbu lo&#271;ou) &ndash; t&yacute;m d&ocirc;jde k jeho uplatneniu a vynulovaniu &#269;iastky k &uacute;hrade<br>Pozri ilustra&#269;n&yacute; obr&aacute;zok:<\/li>\n<\/ul>\n\n\n\n<figure class=\"wp-block-image size-full\"><img data-recalc-dims=\"1\" loading=\"lazy\" decoding=\"async\" width=\"703\" height=\"198\" src=\"https:\/\/i0.wp.com\/praguecruises.eu\/wp-content\/uploads\/2023\/11\/mate-kupon-cz-1.jpg?resize=703%2C198&#038;ssl=1\" alt=\"\" class=\"wp-image-5370\" srcset=\"https:\/\/i0.wp.com\/praguecruises.eu\/wp-content\/uploads\/2023\/11\/mate-kupon-cz-1.jpg?w=703&amp;ssl=1 703w, https:\/\/i0.wp.com\/praguecruises.eu\/wp-content\/uploads\/2023\/11\/mate-kupon-cz-1.jpg?resize=300%2C84&amp;ssl=1 300w, https:\/\/i0.wp.com\/praguecruises.eu\/wp-content\/uploads\/2023\/11\/mate-kupon-cz-1.jpg?resize=324%2C91&amp;ssl=1 324w, https:\/\/i0.wp.com\/praguecruises.eu\/wp-content\/uploads\/2023\/11\/mate-kupon-cz-1.jpg?resize=416%2C117&amp;ssl=1 416w\" sizes=\"auto, (max-width: 703px) 100vw, 703px\"\/><\/figure>\n\n\n\n<ul class=\"wp-block-list\">\n<li><strong>Vy&#269;kajte<\/strong> <strong>na potvrdenie<\/strong> rezerv&aacute;cie <strong>(vo&#318;n&eacute;ho term&iacute;nu)<\/strong> + presn&eacute; inform&aacute;cie k nalodeniu<\/li>\n\n\n\n<li>U&#382;ite si plavbu!<\/li>\n<\/ul>\n\n\n\n<p><\/p>\n","protected":false},"excerpt":{"rendered":"<p>Pod&#318;a n&aacute;zvu vyh&#318;adajte darovan&uacute; plavbu na praguecruises.eu a zarezervujte si ju ako nov&yacute; z&aacute;kazn&iacute;k, teda:<\/p>\n","protected":false},"author":5,"featured_media":0,"parent":0,"menu_order":0,"comment_status":"closed","ping_status":"closed","template":"","meta":{"_tec_requires_first_save":true,"_EventAllDay":false,"_EventTimezone":"","_EventStartDate":"","_EventEndDate":"","_EventStartDateUTC":"","_EventEndDateUTC":"","_EventShowMap":false,"_EventShowMapLink":false,"_EventURL":"","_EventCost":"","_EventCostDescription":"","_EventCurrencySymbol":"","_EventCurrencyCode":"","_EventCurrencyPosition":"","_EventDateTimeSeparator":"","_EventTimeRangeSeparator":"","_EventOrganizerID":[],"_EventVenueID":[],"_OrganizerEmail":"","_OrganizerPhone":"","_OrganizerWebsite":"","_VenueAddress":"","_VenueCity":"","_VenueCountry":"","_VenueProvince":"","_VenueState":"","_VenueZip":"","_VenuePhone":"","_VenueURL":"","_VenueStateProvince":"","_VenueLat":"","_VenueLng":"","_VenueShowMap":false,"_VenueShowMapLink":false,"_tribe_blocks_recurrence_rules":"","_tribe_blocks_recurrence_description":"","_tribe_blocks_recurrence_exclusions":"","footnotes":""},"class_list":["post-13268","page","type-page","status-publish","hentry"],"aioseo_notices":[],"jetpack_sharing_enabled":true,"_links":{"self":[{"href":"https:\/\/praguecruises.eu\/sk\/wp-json\/wp\/v2\/pages\/13268","targetHints":{"allow":["GET"]}}],"collection":[{"href":"https:\/\/praguecruises.eu\/sk\/wp-json\/wp\/v2\/pages"}],"about":[{"href":"https:\/\/praguecruises.eu\/sk\/wp-json\/wp\/v2\/types\/page"}],"author":[{"embeddable":true,"href":"https:\/\/praguecruises.eu\/sk\/wp-json\/wp\/v2\/users\/5"}],"replies":[{"embeddable":true,"href":"https:\/\/praguecruises.eu\/sk\/wp-json\/wp\/v2\/comments?post=13268"}],"version-history":[{"count":0,"href":"https:\/\/praguecruises.eu\/sk\/wp-json\/wp\/v2\/pages\/13268\/revisions"}],"wp:attachment":[{"href":"https:\/\/praguecruises.eu\/sk\/wp-json\/wp\/v2\/media?parent=13268"}],"curies":[{"name":"wp","href":"https:\/\/api.w.org\/{rel}","templated":true}]}}