{"id":10299,"date":"2023-01-12T13:03:16","date_gmt":"2023-01-12T12:03:16","guid":{"rendered":"https:\/\/praguecruises.eu\/encyklopedia-prahy\/"},"modified":"2025-01-25T22:27:31","modified_gmt":"2025-01-25T21:27:31","slug":"encyklopedia-prahy","status":"publish","type":"page","link":"https:\/\/praguecruises.eu\/sk\/encyklopedia-prahy\/","title":{"rendered":"Encyklop\u00e9dia Prahy"},"content":{"rendered":"<div class=\"cm-glossary img-term-definition\"><div class=\"glossary-container \"><input type=\"hidden\" class=\"cmtt-attribute-field\" name=\"glossary_index_style\" value=\"img-term-definition\">        <div class=\"progress-indicator\" style=\"display:none\">\r\n                            <img data-recalc-dims=\"1\" decoding=\"async\" src=\"https:\/\/i0.wp.com\/praguecruises.eu\/wp-content\/plugins\/TooltipProEcommerce\/assets\/css\/images\/ajax-loader.gif?w=980&#038;ssl=1\" alt=\"AJAX progress indicator\"\/>\r\n                    <\/div>\r\n\t\t<div class=\"glossary_top_filter\">\r\n\t\t\t<div class=\"left\">\r\n\t\t\t\t\t\t\t\t\t\t<div class=\"cmtt_help glossary-search-helpitem\"\r\n\t\t\t\t\t\t     data-cmtooltip=\"The search returns the partial search for the given query from both the term title and description. So it will return the results even if the given query is part of the word in the description.\"><\/div>\r\n\t\t\t\t\t\t\t\t\t\t<div class=\"glossary-search-wrapper\">\r\n                        <span class=\"glossary-search-label\">Search:<\/span>\r\n\t\t\t\t\t\t                            <input value=\"\"\r\n                                   placeholder=\"\"\r\n                                   class=\"glossary-search-term \"\r\n                                   name=\"glossary-search-term\"\r\n                                   id=\"glossary-search-term\"\r\n                                   aria-label=\"H\u013eada\u0165\"\/>\r\n                            <button type=\"submit\" id=\"glossary-search\"\r\n                                    class=\"glossary-search button\">H\u013eada\u0165<\/button>\r\n\r\n                            <a class=\"glossary-search-clear\"\r\n                               title=\"Clear the input\"\r\n                               href=\"\">\r\n                                (clear)                            <\/a>\r\n                    <\/div>\r\n\t\t\t\t\t\t\t\t<\/div>\r\n\t\t\t\t\t<\/div>\r\n        \r\n\t\t<input type=\"hidden\" class=\"cmtt-attribute-field\" name=\"disable_listnav\"\r\n\t\t       value=\"1\"\/>\r\n\t\t<input type=\"hidden\" class=\"cmtt-attribute-field\" name=\"exact_search\"\r\n\t\t       value=\"0\"\/>\r\n\t\t<input type=\"hidden\" class=\"cmtt-attribute-field\" name=\"show_search\"\r\n\t\t       value=\"1\"\/>\r\n\t\t<input type=\"hidden\" class=\"glossary-hide-terms\" name=\"glossary-hide-terms\"\r\n\t\t       value=\"0\"\/>\r\n\t\t<input type=\"hidden\" class=\"glossary-hide-categories\" name=\"glossary-hide-categories\"\r\n\t\t       value=\"0\"\/>\r\n\t\t<input type=\"hidden\" class=\"glossary-hide-abbrevs\" name=\"glossary-hide-abbrevs\"\r\n\t\t       value=\"0\"\/>\r\n\t\t<input type=\"hidden\" class=\"glossary-hide-synonyms\" name=\"glossary-hide-synonyms\"\r\n\t\t       value=\"0\"\/>\r\n\t\t<input type=\"hidden\" class=\"glossary-perpage\" name=\"glossary-perpage\"\r\n\t\t       value=\"0\"\/>\r\n\t\t<input type=\"hidden\" name=\"tooltip_language\"\r\n\t\t       value=\"\"\/>\r\n\t\t<input type=\"hidden\" name=\"language_dropdown\"\r\n\t\t       value=\"\"\/>\r\n\t\t<input type=\"hidden\" name=\"languages_for_table\"\r\n\t\t       value=\"\"\/>\r\n\t\t<div id=\"glossaryList-nav\" class=\"listNav small\" role=\"tablist\"><\/div><ul class=\"glossaryList\" role=\"tablist\" id=\"glossaryList\"  itemscope itemtype=\"https:\/\/schema.org\/DefinedTermSet\"><li class=\"cmtt-has-thumbnail ln-10\"  itemscope itemtype=\"https:\/\/schema.org\/DefinedTerm\"  role=\"tab\"><a class=\"cmtt-thumbnail\"  data-full-img=\"https:\/\/i0.wp.com\/praguecruises.eu\/wp-content\/uploads\/2024\/07\/karluv-most-vltava.jpg?fit=1200%2C800&ssl=1\" href=\"https:\/\/praguecruises.eu\/sk\/glossary\/karlov-most\/\" data-link=\"0\"><img loading=\"lazy\" decoding=\"async\" width=\"250\" height=\"167\" src=\"https:\/\/i0.wp.com\/praguecruises.eu\/wp-content\/uploads\/2024\/07\/karluv-most-vltava.jpg?fit=250%2C167&amp;ssl=1\" class=\"attachment-250x250 size-250x250 wp-post-image\" alt=\"\" srcset=\"https:\/\/i0.wp.com\/praguecruises.eu\/wp-content\/uploads\/2024\/07\/karluv-most-vltava.jpg?fit=1200%2C800&amp;ssl=1\" \/><\/a><div class=\"term-block\"><a href=\"https:\/\/praguecruises.eu\/sk\/glossary\/karlov-most\/\"  role=\"term\" class=\"glossaryLink glossary-link-title \"   style=\"\"   itemprop=\"url\"  data-cl=\"K\"><span itemprop=\"name\">Karlov most<\/span><\/a><dfn class=\"glossary_itemdesc\" role=\"definition\"  itemprop=\"description\" >Karlov most je historick\u00fd kamenn\u00fd most v Prahe cez rieku Vltavu. Most bol postaven\u00fd na pr\u00edkaz cis\u00e1ra Karla IV. a je jednou z najzn\u00e1mej\u0161\u00edch pamiatok v \u010ceskej republike.<\/dfn><\/div><\/li><li class=\"cmtt-has-thumbnail ln-15\"  itemscope itemtype=\"https:\/\/schema.org\/DefinedTerm\"  role=\"tab\"><a class=\"cmtt-thumbnail\"  data-full-img=\"https:\/\/i0.wp.com\/praguecruises.eu\/wp-content\/uploads\/2024\/07\/hrad-prazsky-5.jpg?fit=1200%2C800&ssl=1\" href=\"https:\/\/praguecruises.eu\/sk\/glossary\/prazsky-hrad\/\" data-link=\"0\"><img loading=\"lazy\" decoding=\"async\" width=\"250\" height=\"167\" src=\"https:\/\/i0.wp.com\/praguecruises.eu\/wp-content\/uploads\/2024\/07\/hrad-prazsky-5.jpg?fit=250%2C167&amp;ssl=1\" class=\"attachment-250x250 size-250x250 wp-post-image\" alt=\"Pra\u017esk\u00fd hrad\" srcset=\"https:\/\/i0.wp.com\/praguecruises.eu\/wp-content\/uploads\/2024\/07\/hrad-prazsky-5.jpg?fit=1200%2C800&amp;ssl=1\" \/><\/a><div class=\"term-block\"><a href=\"https:\/\/praguecruises.eu\/sk\/glossary\/prazsky-hrad\/\"  role=\"term\" class=\"glossaryLink glossary-link-title \"   style=\"\"   itemprop=\"url\"  data-cl=\"P\"><span itemprop=\"name\">Pra\u017esk\u00fd hrad<\/span><\/a><dfn class=\"glossary_itemdesc\" role=\"definition\"  itemprop=\"description\" >Pra\u017esk\u00fd hrad je historick\u00e1 pevnos\u0165 a s\u00eddlo \u010desk\u00fdch panovn\u00edkov a prezidentov v Prahe. Je to jeden z najv\u00e4\u010d\u0161\u00edch hradn\u00fdch komplexov na svete a hlavn\u00e1 turistick\u00e1 atrakcia. <\/dfn><\/div><\/li><\/ul><\/div><div class=\"clear clearfix cmtt-clearfix\"><\/div><\/div>\n","protected":false},"excerpt":{"rendered":"","protected":false},"author":1,"featured_media":0,"parent":0,"menu_order":0,"comment_status":"closed","ping_status":"closed","template":"","meta":{"_tec_requires_first_save":true,"_EventAllDay":false,"_EventTimezone":"","_EventStartDate":"","_EventEndDate":"","_EventStartDateUTC":"","_EventEndDateUTC":"","_EventShowMap":false,"_EventShowMapLink":false,"_EventURL":"","_EventCost":"","_EventCostDescription":"","_EventCurrencySymbol":"","_EventCurrencyCode":"","_EventCurrencyPosition":"","_EventDateTimeSeparator":"","_EventTimeRangeSeparator":"","_EventOrganizerID":[],"_EventVenueID":[],"_OrganizerEmail":"","_OrganizerPhone":"","_OrganizerWebsite":"","_VenueAddress":"","_VenueCity":"","_VenueCountry":"","_VenueProvince":"","_VenueState":"","_VenueZip":"","_VenuePhone":"","_VenueURL":"","_VenueStateProvince":"","_VenueLat":"","_VenueLng":"","_VenueShowMap":false,"_VenueShowMapLink":false,"_tribe_blocks_recurrence_rules":"","_tribe_blocks_recurrence_description":"","_tribe_blocks_recurrence_exclusions":"","footnotes":""},"class_list":["post-10299","page","type-page","status-publish","hentry"],"aioseo_notices":[],"jetpack_sharing_enabled":true,"_links":{"self":[{"href":"https:\/\/praguecruises.eu\/sk\/wp-json\/wp\/v2\/pages\/10299","targetHints":{"allow":["GET"]}}],"collection":[{"href":"https:\/\/praguecruises.eu\/sk\/wp-json\/wp\/v2\/pages"}],"about":[{"href":"https:\/\/praguecruises.eu\/sk\/wp-json\/wp\/v2\/types\/page"}],"author":[{"embeddable":true,"href":"https:\/\/praguecruises.eu\/sk\/wp-json\/wp\/v2\/users\/1"}],"replies":[{"embeddable":true,"href":"https:\/\/praguecruises.eu\/sk\/wp-json\/wp\/v2\/comments?post=10299"}],"version-history":[{"count":0,"href":"https:\/\/praguecruises.eu\/sk\/wp-json\/wp\/v2\/pages\/10299\/revisions"}],"wp:attachment":[{"href":"https:\/\/praguecruises.eu\/sk\/wp-json\/wp\/v2\/media?parent=10299"}],"curies":[{"name":"wp","href":"https:\/\/api.w.org\/{rel}","templated":true}]}}