{"id":9447,"date":"2024-07-27T20:58:02","date_gmt":"2024-07-27T18:58:02","guid":{"rendered":"https:\/\/praguecruises.eu\/cruise\/silvestrovska-plavba-prahou-s-veceri-hudbou-a-pulnocnim-ohnostrojem\/"},"modified":"2026-01-06T22:48:08","modified_gmt":"2026-01-06T21:48:08","slug":"sylwestrowy-rejs-praga-z-kolacja-muzyka-i-fajerwerkami-o-polnocy","status":"publish","type":"product","link":"https:\/\/praguecruises.eu\/pl\/rejs\/sylwestrowy-rejs-praga-z-kolacja-muzyka-i-fajerwerkami-o-polnocy\/","title":{"rendered":"SYLWESTROWY rejs Praga z kolacj\u0105, muzyk\u0105 i FAJERWERKAMI o p\u00f3\u0142nocy (22:00-00:30)"},"content":{"rendered":"<h3>Podstawowa charakterystyka 3-godzinnego rejsu sylwestrowego<\/h3>\n<ul>\n<li><strong>Rejs:<\/strong> 2,5 godziny <strong>(22:00-00:30)<\/strong><\/li>\n<li><strong>Data:<\/strong> 31 grudnia 2026 r<\/li>\n<li><strong>Godzina wyjazdu:<\/strong> 22:00<\/li>\n<li><strong>Czas zaokr&#281;towania &ndash; od 21:30:<\/strong> Przyjed&#378; na molo co najmniej 30 minut przed rozpocz&#281;ciem rejsu<\/li>\n<li><strong>Ca&#322;kowity czas trwania wydarzenia:<\/strong> <strong>3&nbsp;godziny<\/strong><\/li>\n<li><strong>Miejsce zaokr&#281;towania:<\/strong> Z nabrze&#380;a w pobli&#380;u mostu &Scaron;tef&aacute;nikova (&Scaron;tef&aacute;nik&#367;v most) &ndash; Praga 1 (Rejs rozpoczyna si&#281; i ko&#324;czy w tym samym miejscu)<\/li>\n<li><strong>Rezerwacja wst&#281;pna: Rezerwacja wst&#281;pna (niewi&#261;&#380;&#261;ca)<\/strong> zapewni Ci pierwsze&#324;stwo miejsc na pok&#322;adzie. Na chwil&#281; obecn&#261; nie mo&#380;na wykluczy&#263; drobnych zmian w rejsie (sk&#322;ad bankietu itp.), w zwi&#261;zku z czym wi&#261;&#380;&#261;ce zam&oacute;wienie b&#281;dzie mo&#380;liwe dopiero w pa&#378;dzierniku 2026, o czym poinformujemy Pa&#324;stwa z wyprzedzeniem, je&#347;li dokonaj&#261; Pa&#324;stwo rezerwacji ju&#380; teraz.<\/li>\n<li><strong>Rezerwacja:<\/strong> Wi&#261;&#380;&#261;ca rezerwacja miejsc na pok&#322;adzie po op&#322;aceniu wi&#261;&#380;&#261;cego zam&oacute;wienia na rejs<\/li>\n<li><a href=\"https:\/\/praguecruises.eu\/pl\/bezpieczne-platnosci-online-system-rezerwacji-prague-cruises\/\"><strong>Bezpieczna p&#322;atno&#347;&#263; za rejs:<\/strong> kart&#261; za po&#347;rednictwem us&#322;ugi <strong>PayPal<\/strong><\/a><\/li>\n<li><strong>Anulowanie:<\/strong> Anuluj rejs najp&oacute;&#378;niej do 30 listopada 2026, aby otrzyma&#263; zwrot pieni&#281;dzy*<\/li>\n<li><strong>Cyfrowa karta pok&#322;adowa (voucher):<\/strong> Kuponu nie trzeba drukowa&#263;<\/li>\n<\/ul>\n<h3>Co obejmuje 3-godzinny rejs sylwestrowy<\/h3>\n<ul>\n<li><strong>Drink powitalny<\/strong><\/li>\n<li><strong>Rejs przez serce Pragi<\/strong> po najs&#322;ynniejszych zabytkach (patrz te&#380; Zabytki historyczne wzd&#322;u&#380; trasy rejsu)<\/li>\n<li><strong>1. kolacja w formie bufetu <\/strong>(kuchnia gor&#261;ca, kuchnia zimna, desery, &#347;wie&#380;e owoce i warzywa)<\/li>\n<li><strong>Toast o p&oacute;&#322;nocy<\/strong> (wino musuj&#261;ce Bohemia 0,375 l) na otwartym pok&#322;adzie s&#322;onecznym <strong>podczas sylwestrowych sztucznych ogni o p&oacute;&#322;nocy<\/strong><\/li>\n<li><strong><strong>2. bufet o p&oacute;&#322;nocy<\/strong><\/strong><\/li>\n<li><strong>Muzyka<\/strong><\/li>\n<\/ul>\n<h3>Parametry techniczne i wyposa&#380;enie statku<\/h3>\n<ul>\n<li><strong>2x zadaszony salon<\/strong> (pod pok&#322;adem) &ndash; klimatyzowany lub ogrzewany w zale&#380;no&#347;ci od pogody<\/li>\n<li><strong>Pok&#322;ad s&#322;oneczny<\/strong> (otwarty g&oacute;rny pok&#322;ad)<\/li>\n<li><strong>Bar <\/strong>z ciep&#322;ymi i zimnymi napojami (z wyj&#261;tkiem drinka powitalnego i tostu o p&oacute;&#322;nocy &ndash; inne napoje nie s&#261; wliczone w cen&#281; rejsu)<\/li>\n<li><strong>W&#322;asna<\/strong> &ndash; w pe&#322;ni wyposa&#380;ona &ndash; <strong>kuchnia<\/strong><\/li>\n<li><strong>Toalety<\/strong><\/li>\n<li><strong>Klimatyzacja<\/strong><\/li>\n<li><strong>Ogrzewanie<\/strong><\/li>\n<li><strong>Parametry i wyposa&#380;enie statku<\/strong><\/li>\n<\/ul>\n<h3>Zabytki historyczne wzd&#322;u&#380; trasy rejsu<\/h3>\n<ul>\n<li>Zamek na Hradczanach lub <a class=\"glossaryLink\"  aria-describedby=\"tt\"  data-cmtooltip=\"&lt;div class=glossaryItemBody&gt;&lt;img width=&#039;200&#039; height=&#039;133&#039; src=&#039;https:\/\/i0.wp.com\/praguecruises.eu\/wp-content\/uploads\/2024\/07\/hrad-prazsky-4.jpg?fit=200%2C133&amp;amp;ssl=1&#039; class=&#039;cmtt-tooltip-featured-image wp-post-image&#039; alt=&#039;Zamek Praski&#039; style=&#039;width: 200px; margin-top: 2%;float: right; margin-left: 2%;&#039; sizes=&#039;(max-width: 9999px) 200px,auto&#039; loading=&#039;eager&#039; srcset=&#039;https:\/\/i0.wp.com\/praguecruises.eu\/wp-content\/uploads\/2024\/07\/hrad-prazsky-4.jpg?w=1200&amp;amp;ssl=1 1200w, https:\/\/i0.wp.com\/praguecruises.eu\/wp-content\/uploads\/2024\/07\/hrad-prazsky-4.jpg?resize=324%2C216&amp;amp;ssl=1 324w, https:\/\/i0.wp.com\/praguecruises.eu\/wp-content\/uploads\/2024\/07\/hrad-prazsky-4.jpg?resize=416%2C277&amp;amp;ssl=1 416w, https:\/\/i0.wp.com\/praguecruises.eu\/wp-content\/uploads\/2024\/07\/hrad-prazsky-4.jpg?resize=300%2C200&amp;amp;ssl=1 300w, https:\/\/i0.wp.com\/praguecruises.eu\/wp-content\/uploads\/2024\/07\/hrad-prazsky-4.jpg?resize=1024%2C683&amp;amp;ssl=1 1024w, https:\/\/i0.wp.com\/praguecruises.eu\/wp-content\/uploads\/2024\/07\/hrad-prazsky-4.jpg?resize=768%2C512&amp;amp;ssl=1 768w&#039; \/&gt;Zamek Praski to historyczna twierdza i siedziba czeskich w&#322;adc&oacute;w i prezydent&oacute;w w Pradze. Jest to jeden z najwi&#281;kszych kompleks&oacute;w zamkowych na &#347;wiecie i g&#322;&oacute;wna atrakcja turystyczna. &lt;\/div&gt;\"  href=\"https:\/\/praguecruises.eu\/pl\/glossary\/zamek-praski\/\"  data-mobile-support=\"0\"  data-gt-translate-attributes='[{\"attribute\":\"data-cmtooltip\", \"format\":\"html\"}]' tabindex='0' role='link'>Zamek Praski<\/a> (Pra&#382;sk&yacute; hrad)<\/li>\n<li><a class=\"glossaryLink\"  aria-describedby=\"tt\"  data-cmtooltip=\"&lt;div class=glossaryItemBody&gt;&lt;img width=&#039;200&#039; height=&#039;133&#039; src=&#039;https:\/\/i0.wp.com\/praguecruises.eu\/wp-content\/uploads\/2024\/07\/karluv-most-vltava.jpg?fit=200%2C133&amp;amp;ssl=1&#039; class=&#039;cmtt-tooltip-featured-image wp-post-image&#039; alt=&#039;&#039; style=&#039;width: 200px; margin-top: 2%;float: right; margin-left: 2%;&#039; sizes=&#039;(max-width: 9999px) 200px,auto&#039; loading=&#039;eager&#039; srcset=&#039;https:\/\/i0.wp.com\/praguecruises.eu\/wp-content\/uploads\/2024\/07\/karluv-most-vltava.jpg?w=1200&amp;amp;ssl=1 1200w, https:\/\/i0.wp.com\/praguecruises.eu\/wp-content\/uploads\/2024\/07\/karluv-most-vltava.jpg?resize=324%2C216&amp;amp;ssl=1 324w, https:\/\/i0.wp.com\/praguecruises.eu\/wp-content\/uploads\/2024\/07\/karluv-most-vltava.jpg?resize=416%2C277&amp;amp;ssl=1 416w, https:\/\/i0.wp.com\/praguecruises.eu\/wp-content\/uploads\/2024\/07\/karluv-most-vltava.jpg?resize=300%2C200&amp;amp;ssl=1 300w, https:\/\/i0.wp.com\/praguecruises.eu\/wp-content\/uploads\/2024\/07\/karluv-most-vltava.jpg?resize=1024%2C683&amp;amp;ssl=1 1024w, https:\/\/i0.wp.com\/praguecruises.eu\/wp-content\/uploads\/2024\/07\/karluv-most-vltava.jpg?resize=768%2C512&amp;amp;ssl=1 768w&#039; \/&gt;Most Karola to zabytkowy kamienny most w Pradze nad rzek&#261; We&#322;taw&#261;. Most zosta&#322; zbudowany na polecenie cesarza Karola IV i jest jednym z najbardziej znanych zabytk&oacute;w w Republice Czeskiej.&lt;\/div&gt;\"  href=\"https:\/\/praguecruises.eu\/pl\/glossary\/most-karola\/\"  data-mobile-support=\"0\"  data-gt-translate-attributes='[{\"attribute\":\"data-cmtooltip\", \"format\":\"html\"}]' tabindex='0' role='link'>Most Karola<\/a> w Pradze (Karl&#367;v most)<\/li>\n<li>Ma&#322;ostra&#324;ska Wie&#380;a Mostowa (Malostransk&aacute; mosteck&aacute; v&#283;&#382;)<\/li>\n<li>Staromiejska Wie&#380;a Mostowa (Starom&#283;stsk&aacute; mosteck&aacute; v&#283;&#382;)<\/li>\n<li>Rudolfinum &ndash; sala koncertowa<\/li>\n<li>Teatr Narodowy w Pradze (N&aacute;rodn&iacute; divadlo)<\/li>\n<li>Most &Scaron;tef&aacute;nika (&Scaron;tef&aacute;nik&#367;v most)<\/li>\n<li>Stare Miasto (Star&eacute; M&#283;sto)<\/li>\n<li>Nowe Miasto (Nov&eacute; M&#283;sto)<\/li>\n<li>Novotn&eacute;ho l&aacute;vka (K&#322;adka Novotneg)<\/li>\n<li>Starom&#283;stsk&aacute; vod&aacute;rna (Wodoci&#261;gi Staromiejskie) &ndash; Muzeum Bed&#345;icha Smetany<\/li>\n<li>Ma&#322;a Strona (Mal&aacute; Strana)<\/li>\n<li>Wyspa Kampa (Ostrov Kampa)<\/li>\n<li>Sovovy ml&yacute;ny (Sowie m&#322;yny)<\/li>\n<li>Wie&#380;a Petri&#324;ska (Pet&#345;&iacute;nsk&aacute; rozhledna)<\/li>\n<li>Muzeum Franza Kafki (Muzeum Franze Kafky) &ndash; Cegielnia Hergeta<\/li>\n<li>Most M&aacute;nesa (M&aacute;nes&#367;v most)<\/li>\n<li>Most Legi&iacute; (Most Legi&iacute;)<\/li>\n<li>Akademia Straki (Strakova akademie) &ndash; budynek Urz&#281;du Rz&#261;du Republiki Czeskiej<\/li>\n<li>Most Svatopluka &#268;echa (&#268;ech&#367;v Most)<\/li>\n<li>Budynek Ministerstwa Przemys&#322;u i Handlu Czech (Budova Ministerstva pr&#367;myslu a obchodu &#268;R)<\/li>\n<\/ul>\n<p>*Je&#347;li anulujesz wi&#261;&#380;&#261;ce zam&oacute;wienie na rejs (op&#322;acon&#261; rezerwacj&#281;) do 31 pa&#378;dziernika 2026 r., zostaniesz obci&#261;&#380;ony op&#322;at&#261; za anulowanie w wysoko&#347;ci 30% ceny zam&oacute;wienia, o kt&oacute;r&#261; pomniejszymy zwr&oacute;con&#261; kwot&#281;. Je&#347;li anulujesz wi&#261;&#380;&#261;ce zam&oacute;wienie na rejs w okresie od 1 do 30 listopada 2026 r., zostaniesz obci&#261;&#380;ony op&#322;at&#261; za anulowanie w wysoko&#347;ci 50% ceny zam&oacute;wienia, o kt&oacute;r&#261; pomniejszymy zwr&oacute;con&#261; kwot&#281;. W przypadku anulowania wi&#261;&#380;&#261;cego zam&oacute;wienia na rejs w okresie od 1 do 31 grudnia 2026 r. lub w przypadku nie pojawienia si&#281; na zam&oacute;wionym rejsie i niewykorzystania us&#322;ugi, zostanie naliczona op&#322;at&#261; za anulowanie w wysoko&#347;ci 100% ceny zam&oacute;wienia. P&#322;ac&#261;c za rejs, zgadzasz si&#281; na podane warunki anulowania.<\/p>\n<h3>Nie znalaz&#322;e&#347; tego, czego szuka&#322;e&#347;?<\/h3>\n<p>Sprawd&#378; inne podobne rejsy tutaj:<br>\n<a href=\"https:\/\/praguecruises.eu\/pl\/kategoria-rejsu\/sylwester-nowy-rok\/\"><strong>Sylwester 2026 \/ Nowy Rok 2027<\/strong><\/a><\/p>\n","protected":false},"excerpt":{"rendered":"<h2>&#346;wi&#281;tuj Sylwestra i Nowy Rok 2027 na statku (z kolacj&#261;, muzyk&#261;, drinkiem powitalnym i toastem o p&oacute;&#322;nocy) podczas rejsu i pokazu fajerwerk&oacute;w w historycznym sercu Pragi!<\/h2>\n","protected":false},"featured_media":9826,"template":"","meta":{"_tec_requires_first_save":true,"_EventAllDay":false,"_EventTimezone":"","_EventStartDate":"","_EventEndDate":"","_EventStartDateUTC":"","_EventEndDateUTC":"","_EventShowMap":false,"_EventShowMapLink":false,"_EventURL":"","_EventCost":"","_EventCostDescription":"","_EventCurrencySymbol":"","_EventCurrencyCode":"","_EventCurrencyPosition":"","_EventDateTimeSeparator":"","_EventTimeRangeSeparator":"","_EventOrganizerID":[],"_EventVenueID":[],"_OrganizerEmail":"","_OrganizerPhone":"","_OrganizerWebsite":"","_VenueAddress":"","_VenueCity":"","_VenueCountry":"","_VenueProvince":"","_VenueState":"","_VenueZip":"","_VenuePhone":"","_VenueURL":"","_VenueStateProvince":"","_VenueLat":"","_VenueLng":"","_VenueShowMap":false,"_VenueShowMapLink":false,"_tribe_blocks_recurrence_rules":"","_tribe_blocks_recurrence_description":"","_tribe_blocks_recurrence_exclusions":""},"product_brand":[],"product_cat":[243,288,374,177],"product_tag":[725,724],"class_list":{"0":"post-9447","1":"product","2":"type-product","3":"status-publish","4":"has-post-thumbnail","6":"product_cat-rejsy-statkiem-po-pradze-dla-osob-indywidualnych","7":"product_cat-rejsy-przygodowe","8":"product_cat-sylwester-nowy-rok","9":"product_cat-rejsy-gastronomiczne","10":"product_tag-kolacja-na-statku","11":"product_tag-rejs-z-kolacja","13":"first","14":"instock","15":"virtual","16":"sold-individually","17":"purchasable","18":"product-type-booking"},"booking_location":"","booking_location_type":"","booking_duration":1,"booking_duration_unit":"day","booking_buffer":0,"booking_cost":0,"booking_resources":[],"aioseo_notices":[],"jetpack_sharing_enabled":true,"_links":{"self":[{"href":"https:\/\/praguecruises.eu\/pl\/wp-json\/wp\/v2\/product\/9447","targetHints":{"allow":["GET"]}}],"collection":[{"href":"https:\/\/praguecruises.eu\/pl\/wp-json\/wp\/v2\/product"}],"about":[{"href":"https:\/\/praguecruises.eu\/pl\/wp-json\/wp\/v2\/types\/product"}],"wp:featuredmedia":[{"embeddable":true,"href":"https:\/\/praguecruises.eu\/pl\/wp-json\/wp\/v2\/media\/9826"}],"wp:attachment":[{"href":"https:\/\/praguecruises.eu\/pl\/wp-json\/wp\/v2\/media?parent=9447"}],"wp:term":[{"taxonomy":"product_brand","embeddable":true,"href":"https:\/\/praguecruises.eu\/pl\/wp-json\/wp\/v2\/product_brand?post=9447"},{"taxonomy":"product_cat","embeddable":true,"href":"https:\/\/praguecruises.eu\/pl\/wp-json\/wp\/v2\/product_cat?post=9447"},{"taxonomy":"product_tag","embeddable":true,"href":"https:\/\/praguecruises.eu\/pl\/wp-json\/wp\/v2\/product_tag?post=9447"}],"curies":[{"name":"wp","href":"https:\/\/api.w.org\/{rel}","templated":true}]}}