{"id":3762,"date":"2024-08-02T13:40:42","date_gmt":"2024-08-02T11:40:42","guid":{"rendered":"https:\/\/praguecruises.eu\/?post_type=product&#038;p=3762"},"modified":"2025-12-29T15:59:31","modified_gmt":"2025-12-29T14:59:31","slug":"adwentowy-rejs-po-pradze-z-ciasteczkami-swiatecznymi-i-goracym-napojem","status":"publish","type":"product","link":"https:\/\/praguecruises.eu\/pl\/rejs\/adwentowy-rejs-po-pradze-z-ciasteczkami-swiatecznymi-i-goracym-napojem\/","title":{"rendered":"Adwentowy rejs po Pradze z CIASTECZKAMI \u015aWI\u0104TECZNYMI I GOR\u0104CYM NAPOJEM"},"content":{"rendered":"<h3>Podstawowa charakterystyka rejsu adwentowego<\/h3>\n<ul>\n<li><strong>Terminy rejs&oacute;w adwentowych: <\/strong>19.11.2026 &ndash; 20.12.2026 (zawsze czwartek do niedzieli)<\/li>\n<li><strong>Rejs:<\/strong> 1 godzina<\/li>\n<li><strong>Godziny odjazd&oacute;w <\/strong><strong>&ndash; czwartek i pi&#261;tek: <\/strong>12:00, 13:00, 15:00, 16:00<\/li>\n<li><strong>Godziny odjazd&oacute;w &ndash; sobota i niedziela:<\/strong> 12:00, 15:00, 16:00<\/li>\n<li><strong>Czas zaokr&#281;towania:<\/strong> Przyjed&#378; na molo co najmniej 15 minut przed rozpocz&#281;ciem rejsu<\/li>\n<li><strong>Miejsce zaokr&#281;towania:<\/strong> Z nabrze&#380;a w pobli&#380;u mostu &Scaron;tef&aacute;nikova (&Scaron;tef&aacute;nik&#367;v most). (Rejs rozpoczyna si&#281; i ko&#324;czy w tym samym miejscu.)<\/li>\n<li><strong>Bezp&#322;atna rezerwacja: <\/strong>Zarezerwuj miejsce teraz i zap&#322;a&#263; p&oacute;&#378;niej (ale nie p&oacute;&#378;niej ni&#380; 48 godzin przed wyp&#322;yni&#281;ciem statku)<\/li>\n<li><a href=\"https:\/\/praguecruises.eu\/pl\/bezpieczne-platnosci-online-system-rezerwacji-prague-cruises\/\"><strong>Bezpieczna p&#322;atno&#347;&#263; za rejs:<\/strong> kart&#261; za po&#347;rednictwem us&#322;ugi <strong>PayPal<\/strong><\/a><\/li>\n<li><strong>Anulowanie:<\/strong> Anuluj rejs co najmniej 48 godzin wcze&#347;niej, aby otrzyma&#263; zwrot pieni&#281;dzy*<\/li>\n<li><strong>Cyfrowa karta pok&#322;adowa (voucher):<\/strong> Kuponu nie trzeba drukowa&#263;<\/li>\n<\/ul>\n<h3>Co jest wliczone w rejs adwentowy<\/h3>\n<ul>\n<li style=\"list-style-type: none;\">\n<ul>\n<li><strong>Tradycyjne czeskie domowe s&#322;odycze<\/strong> (1 talerz domowych s&#322;odyczy dla ka&#380;dej p&#322;ac&#261;cej osoby)<\/li>\n<li><strong>Gor&#261;cy nap&oacute;j<\/strong> do wyboru: <strong>grzane wino z plasterkiem pomara&#324;czy, gor&#261;ca czekolada, espresso, herbata z miodem i cytryn&#261;<\/strong> (dla ka&#380;dej osoby p&#322;ac&#261;cej w cenie 1 wybrany gor&#261;cy nap&oacute;j &ndash; istnieje mo&#380;liwo&#347;&#263; dokupienia dodatkowych napoj&oacute;w)<\/li>\n<li><strong>&#346;wi&#261;teczna dekoracja<\/strong><\/li>\n<li><strong>Kol&#281;dy &#347;wi&#261;teczne<\/strong><\/li>\n<li><strong>Rejs przez serce Pragi<\/strong> po najs&#322;ynniejszych zabytkach (patrz te&#380; Zabytki historyczne wzd&#322;u&#380; trasy rejsu)<\/li>\n<\/ul>\n<\/li>\n<\/ul>\n<h3>Parametry techniczne i wyposa&#380;enie statku<\/h3>\n<ul>\n<li><strong>2x zadaszony salon<\/strong> (pod pok&#322;adem) &ndash; klimatyzowany lub ogrzewany w zale&#380;no&#347;ci od pogody<\/li>\n<li><strong>Pok&#322;ad s&#322;oneczny<\/strong> (otwarty g&oacute;rny pok&#322;ad)<\/li>\n<li><strong>Toalety<\/strong><\/li>\n<li><strong>Bar<\/strong> z ciep&#322;ymi i zimnymi napojami<\/li>\n<li><strong>W&#322;asna<\/strong> &ndash; w pe&#322;ni wyposa&#380;ona &ndash; <strong>kuchnia<\/strong><strong><br>\n<\/strong><\/li>\n<li><strong>Klimatyzacja<\/strong><\/li>\n<li><strong>Ogrzewanie<\/strong><\/li>\n<li><strong>Parametry i wyposa&#380;enie statku<\/strong><\/li>\n<\/ul>\n<h3>Zabytki historyczne wzd&#322;u&#380; trasy rejsu<\/h3>\n<ul>\n<li>Zamek na Hradczanach lub <a class=\"glossaryLink\"  aria-describedby=\"tt\"  data-cmtooltip=\"&lt;div class=glossaryItemBody&gt;&lt;img width=&#039;200&#039; height=&#039;133&#039; src=&#039;https:\/\/i0.wp.com\/praguecruises.eu\/wp-content\/uploads\/2024\/07\/hrad-prazsky-4.jpg?fit=200%2C133&amp;amp;ssl=1&#039; class=&#039;cmtt-tooltip-featured-image wp-post-image&#039; alt=&#039;Zamek Praski&#039; style=&#039;width: 200px; margin-top: 2%;float: right; margin-left: 2%;&#039; sizes=&#039;(max-width: 9999px) 200px,auto&#039; loading=&#039;eager&#039; srcset=&#039;https:\/\/i0.wp.com\/praguecruises.eu\/wp-content\/uploads\/2024\/07\/hrad-prazsky-4.jpg?w=1200&amp;amp;ssl=1 1200w, https:\/\/i0.wp.com\/praguecruises.eu\/wp-content\/uploads\/2024\/07\/hrad-prazsky-4.jpg?resize=324%2C216&amp;amp;ssl=1 324w, https:\/\/i0.wp.com\/praguecruises.eu\/wp-content\/uploads\/2024\/07\/hrad-prazsky-4.jpg?resize=416%2C277&amp;amp;ssl=1 416w, https:\/\/i0.wp.com\/praguecruises.eu\/wp-content\/uploads\/2024\/07\/hrad-prazsky-4.jpg?resize=300%2C200&amp;amp;ssl=1 300w, https:\/\/i0.wp.com\/praguecruises.eu\/wp-content\/uploads\/2024\/07\/hrad-prazsky-4.jpg?resize=1024%2C683&amp;amp;ssl=1 1024w, https:\/\/i0.wp.com\/praguecruises.eu\/wp-content\/uploads\/2024\/07\/hrad-prazsky-4.jpg?resize=768%2C512&amp;amp;ssl=1 768w&#039; \/&gt;Zamek Praski to historyczna twierdza i siedziba czeskich w&#322;adc&oacute;w i prezydent&oacute;w w Pradze. Jest to jeden z najwi&#281;kszych kompleks&oacute;w zamkowych na &#347;wiecie i g&#322;&oacute;wna atrakcja turystyczna. &lt;\/div&gt;\"  href=\"https:\/\/praguecruises.eu\/pl\/glossary\/zamek-praski\/\"  data-mobile-support=\"0\"  data-gt-translate-attributes='[{\"attribute\":\"data-cmtooltip\", \"format\":\"html\"}]' tabindex='0' role='link'>Zamek Praski<\/a> (Pra&#382;sk&yacute; hrad)<\/li>\n<li><a class=\"glossaryLink\"  aria-describedby=\"tt\"  data-cmtooltip=\"&lt;div class=glossaryItemBody&gt;&lt;img width=&#039;200&#039; height=&#039;133&#039; src=&#039;https:\/\/i0.wp.com\/praguecruises.eu\/wp-content\/uploads\/2024\/07\/karluv-most-vltava.jpg?fit=200%2C133&amp;amp;ssl=1&#039; class=&#039;cmtt-tooltip-featured-image wp-post-image&#039; alt=&#039;&#039; style=&#039;width: 200px; margin-top: 2%;float: right; margin-left: 2%;&#039; sizes=&#039;(max-width: 9999px) 200px,auto&#039; loading=&#039;eager&#039; srcset=&#039;https:\/\/i0.wp.com\/praguecruises.eu\/wp-content\/uploads\/2024\/07\/karluv-most-vltava.jpg?w=1200&amp;amp;ssl=1 1200w, https:\/\/i0.wp.com\/praguecruises.eu\/wp-content\/uploads\/2024\/07\/karluv-most-vltava.jpg?resize=324%2C216&amp;amp;ssl=1 324w, https:\/\/i0.wp.com\/praguecruises.eu\/wp-content\/uploads\/2024\/07\/karluv-most-vltava.jpg?resize=416%2C277&amp;amp;ssl=1 416w, https:\/\/i0.wp.com\/praguecruises.eu\/wp-content\/uploads\/2024\/07\/karluv-most-vltava.jpg?resize=300%2C200&amp;amp;ssl=1 300w, https:\/\/i0.wp.com\/praguecruises.eu\/wp-content\/uploads\/2024\/07\/karluv-most-vltava.jpg?resize=1024%2C683&amp;amp;ssl=1 1024w, https:\/\/i0.wp.com\/praguecruises.eu\/wp-content\/uploads\/2024\/07\/karluv-most-vltava.jpg?resize=768%2C512&amp;amp;ssl=1 768w&#039; \/&gt;Most Karola to zabytkowy kamienny most w Pradze nad rzek&#261; We&#322;taw&#261;. Most zosta&#322; zbudowany na polecenie cesarza Karola IV i jest jednym z najbardziej znanych zabytk&oacute;w w Republice Czeskiej.&lt;\/div&gt;\"  href=\"https:\/\/praguecruises.eu\/pl\/glossary\/most-karola\/\"  data-mobile-support=\"0\"  data-gt-translate-attributes='[{\"attribute\":\"data-cmtooltip\", \"format\":\"html\"}]' tabindex='0' role='link'>Most Karola<\/a> w Pradze (Karl&#367;v most)<\/li>\n<li>Ma&#322;ostra&#324;ska Wie&#380;a Mostowa (Malostransk&aacute; mosteck&aacute; v&#283;&#382;)<\/li>\n<li>Staromiejska Wie&#380;a Mostowa (Starom&#283;stsk&aacute; mosteck&aacute; v&#283;&#382;)<\/li>\n<li>Rudolfinum &ndash; sala koncertowa<\/li>\n<li>Teatr Narodowy w Pradze (N&aacute;rodn&iacute; divadlo)<\/li>\n<li>Most &Scaron;tef&aacute;nika (&Scaron;tef&aacute;nik&#367;v most)<\/li>\n<li>Stare Miasto (Star&eacute; M&#283;sto)<\/li>\n<li>Nowe Miasto (Nov&eacute; M&#283;sto)<\/li>\n<li>Novotn&eacute;ho l&aacute;vka (K&#322;adka Novotneg)<\/li>\n<li>Starom&#283;stsk&aacute; vod&aacute;rna (Wodoci&#261;gi Staromiejskie) &ndash; Muzeum Bed&#345;icha Smetany<\/li>\n<li>Ma&#322;a Strona (Mal&aacute; Strana)<\/li>\n<li>Wyspa Kampa (Ostrov Kampa)<\/li>\n<li>Sovovy ml&yacute;ny (Sowie m&#322;yny)<\/li>\n<li>Wie&#380;a Petri&#324;ska (Pet&#345;&iacute;nsk&aacute; rozhledna)<\/li>\n<li>Muzeum Franza Kafki (Muzeum Franze Kafky) &ndash; Cegielnia Hergeta<\/li>\n<li>Most M&aacute;nesa (M&aacute;nes&#367;v most)<\/li>\n<li>Most Legi&iacute; (Most Legi&iacute;)<\/li>\n<li>Akademia Straki (Strakova akademie) &ndash; budynek Urz&#281;du Rz&#261;du Republiki Czeskiej<\/li>\n<li>Most Svatopluka &#268;echa (&#268;ech&#367;v Most)<\/li>\n<li>Budynek Ministerstwa Przemys&#322;u i Handlu Czech (Budova Ministerstva pr&#367;myslu a obchodu &#268;R)<\/li>\n<\/ul>\n<p style=\"padding-left: 40px;\">*Je&#347;li anulujesz wi&#261;&#380;&#261;ce zam&oacute;wienie rejsu (op&#322;acon&#261; rezerwacj&#281;) do 48 godzin przed rozpocz&#281;ciem rejsu, zostaniesz obci&#261;&#380;ony op&#322;at&#261; za anulowanie w wysoko&#347;ci 20% ceny zam&oacute;wienia, o kt&oacute;r&#261; pomniejszymy zwr&oacute;con&#261; kwot&#281;. W przypadku anulowania wi&#261;&#380;&#261;cego zam&oacute;wienia rejsu (p&#322;atnej rezerwacji) p&oacute;&#378;niej ni&#380; 48 godziny przed rozpocz&#281;ciem rejsu lub w przypadku nie pojawienia si&#281; na zam&oacute;wionym rejsie i niewykorzystania us&#322;ugi, zostanie naliczona op&#322;at&#261; za anulowanie w wysoko&#347;ci 100% ceny zam&oacute;wienia. P&#322;ac&#261;c za rejs, zgadzasz si&#281; na podane warunki anulowania.<\/p>\n<h3>Nie znalaz&#322;e&#347; tego, czego szuka&#322;e&#347;?<\/h3>\n<p>Sprawd&#378; inne <a href=\"https:\/\/praguecruises.eu\/pl\/kategoria-rejsu\/rejsy-widokowe\/\"><strong>Rejsy widokowe<\/strong><\/a> lub <a href=\"https:\/\/praguecruises.eu\/pl\/kategoria-rejsu\/rejsy-gastronomiczne\/\"><strong>Rejsy gastronomiczne<\/strong><\/a><\/p>\n","protected":false},"excerpt":{"rendered":"<h2>Ciesz si&#281; wyj&#261;tkow&#261; &#347;wi&#261;teczn&#261; atmosfer&#261; podczas adwentowego rejsu po Pradze z kol&#281;dami, tradycyjnymi czeskimi, domowymi s&#322;odyczami i wybranym przez Ciebie gor&#261;cym napojem.<\/h2>\n","protected":false},"featured_media":6017,"template":"","meta":{"_tec_requires_first_save":true,"_EventAllDay":false,"_EventTimezone":"","_EventStartDate":"","_EventEndDate":"","_EventStartDateUTC":"","_EventEndDateUTC":"","_EventShowMap":false,"_EventShowMapLink":false,"_EventURL":"","_EventCost":"","_EventCostDescription":"","_EventCurrencySymbol":"","_EventCurrencyCode":"","_EventCurrencyPosition":"","_EventDateTimeSeparator":"","_EventTimeRangeSeparator":"","_EventOrganizerID":[],"_EventVenueID":[],"_OrganizerEmail":"","_OrganizerPhone":"","_OrganizerWebsite":"","_VenueAddress":"","_VenueCity":"","_VenueCountry":"","_VenueProvince":"","_VenueState":"","_VenueZip":"","_VenuePhone":"","_VenueURL":"","_VenueStateProvince":"","_VenueLat":"","_VenueLng":"","_VenueShowMap":false,"_VenueShowMapLink":false,"_tribe_blocks_recurrence_rules":"","_tribe_blocks_recurrence_description":"","_tribe_blocks_recurrence_exclusions":""},"product_brand":[],"product_cat":[243,707,288,174],"product_tag":[669],"class_list":{"0":"post-3762","1":"product","2":"type-product","3":"status-publish","4":"has-post-thumbnail","6":"product_cat-rejsy-statkiem-po-pradze-dla-osob-indywidualnych","7":"product_cat-adwent-i-boze-narodzenie-w-pradze","8":"product_cat-rejsy-przygodowe","9":"product_cat-rejsy-widokowe","10":"product_tag-1-godzinna-wycieczka-lodzia-pl","12":"first","13":"instock","14":"virtual","15":"sold-individually","16":"purchasable","17":"product-type-booking"},"booking_location":"","booking_location_type":"","booking_duration":1,"booking_duration_unit":"hour","booking_buffer":0,"booking_cost":0,"booking_resources":[],"aioseo_notices":[],"jetpack_sharing_enabled":true,"_links":{"self":[{"href":"https:\/\/praguecruises.eu\/pl\/wp-json\/wp\/v2\/product\/3762","targetHints":{"allow":["GET"]}}],"collection":[{"href":"https:\/\/praguecruises.eu\/pl\/wp-json\/wp\/v2\/product"}],"about":[{"href":"https:\/\/praguecruises.eu\/pl\/wp-json\/wp\/v2\/types\/product"}],"wp:featuredmedia":[{"embeddable":true,"href":"https:\/\/praguecruises.eu\/pl\/wp-json\/wp\/v2\/media\/6017"}],"wp:attachment":[{"href":"https:\/\/praguecruises.eu\/pl\/wp-json\/wp\/v2\/media?parent=3762"}],"wp:term":[{"taxonomy":"product_brand","embeddable":true,"href":"https:\/\/praguecruises.eu\/pl\/wp-json\/wp\/v2\/product_brand?post=3762"},{"taxonomy":"product_cat","embeddable":true,"href":"https:\/\/praguecruises.eu\/pl\/wp-json\/wp\/v2\/product_cat?post=3762"},{"taxonomy":"product_tag","embeddable":true,"href":"https:\/\/praguecruises.eu\/pl\/wp-json\/wp\/v2\/product_tag?post=3762"}],"curies":[{"name":"wp","href":"https:\/\/api.w.org\/{rel}","templated":true}]}}