{"id":3764,"date":"2024-08-02T13:40:42","date_gmt":"2024-08-02T11:40:42","guid":{"rendered":"https:\/\/praguecruises.eu\/?post_type=product&#038;p=3764"},"modified":"2025-12-29T15:55:59","modified_gmt":"2025-12-29T14:55:59","slug":"adventskreuzfahrt-durch-prag-mit-weihnachtsplatzchen-und-heissgetrank","status":"publish","type":"product","link":"https:\/\/praguecruises.eu\/de\/schifffahrt\/adventskreuzfahrt-durch-prag-mit-weihnachtsplatzchen-und-heissgetrank\/","title":{"rendered":"Adventskreuzfahrt durch Prag mit WEIHNACHTSPL\u00c4TZCHEN &amp; HEI\u00dfGETR\u00c4NK"},"content":{"rendered":"<h3>Grundlegende Eigenschaften der Adventskreuzfahrt<\/h3>\n<ul>\n<li><strong>Termine der Adventskreuzfahrt: <\/strong>19.11.2026 &ndash; 20.12.2026 (immer von Donnerstag bis Sonntag)<\/li>\n<li><strong>Kreuzfahrt:<\/strong> 1 Stunde<\/li>\n<li><strong>Abfahrtszeiten &ndash;<\/strong> <strong>Donnerstag und Freitag: <\/strong>12:00, 13:00, 15:00, 16:00 Uhr<\/li>\n<li><strong>Abfahrtszeiten &ndash; Samstag und Sonntag:<\/strong> 12:00, 15:00, 16:00 Uhr<\/li>\n<li><strong>Einschiffungszeit:<\/strong> Kommen Sie mindestens 15 Minuten vor Beginn der Kreuzfahrt am Pier ein<\/li>\n<li><strong>Einschiffungsort:<\/strong> Vom Kai in der N&auml;he der &Scaron;tef&aacute;nikov-Br&uuml;cke (die Kreuzfahrt beginnt und endet am selben Ort)<\/li>\n<li><strong>Kostenlose Buchung:<\/strong> Buchen Sie jetzt Ihren Platz und zahlen Sie sp&auml;ter (jedoch sp&auml;testens 48 Stunden vor Abfahrt des Schiffes).<\/li>\n<li><a href=\"https:\/\/praguecruises.eu\/de\/sichere-online-zahlungen-prague-cruises-buchungssystem\/\"><strong>Sichere Bezahlung der Kreuzfahrt:<\/strong> per Karte &uuml;ber den <strong>PayPal-Service<\/strong><\/a><\/li>\n<li><strong>Stornierung:<\/strong> Stornieren Sie die Kreuzfahrt mindestens 48 Stunden im Voraus, um eine R&uuml;ckerstattung zu erhalten*<\/li>\n<li><strong>Digitale Bordkarte (Voucher):<\/strong> Der Voucher muss nicht ausgedruckt werden<\/li>\n<\/ul>\n<h3>Was ist in der Adventskreuzfahrt inbegriffen<\/h3>\n<ul>\n<li style=\"list-style-type: none;\">\n<ul>\n<li><strong>Traditionelle tschechische hausgemachte S&uuml;&szlig;igkeiten<\/strong> (1 Teller mit hausgemachten S&uuml;&szlig;igkeiten f&uuml;r jede zahlende Person)<\/li>\n<li><strong>Hei&szlig;getr&auml;nk<\/strong> nach Wahl: <strong>Gl&uuml;hwein mit einer Orangenscheibe, hei&szlig;e Schokolade, Espresso, Tee mit Honig und Zitrone<\/strong> (pro zahlender Person ist 1 ausgew&auml;hltes Hei&szlig;getr&auml;nk im Preis inbegriffen &ndash; weitere Getr&auml;nke k&ouml;nnen erworben werden)<\/li>\n<li><strong>Weihnachtsdekoration<\/strong><\/li>\n<li><strong>Weihnachtslieder<\/strong><\/li>\n<li><strong>Fahren Sie durch das Herz von Prag<\/strong> rund um die ber&uuml;hmtesten historischen Denkm&auml;ler (siehe auch Historische Denkm&auml;ler entlang der Kreuzfahrtroute).<\/li>\n<\/ul>\n<\/li>\n<\/ul>\n<h3>Technische Parameter und Ausr&uuml;stung des Schiffes<\/h3>\n<ul>\n<li><strong>2x Innenlounge<\/strong> (unter Deck) &ndash; klimatisiert oder beheizt, je nach Wetterlage<\/li>\n<li><strong>Sonnendeck<\/strong> (offenes Oberdeck)<\/li>\n<li><strong>Toiletten<\/strong><\/li>\n<li><strong>Bar<\/strong> mit hei&szlig;en und kalten Getr&auml;nken<\/li>\n<li><strong>Eigene<\/strong> <strong>K&uuml;che<\/strong> &ndash; komplett ausgestattet<strong><br>\n<\/strong><\/li>\n<li><strong>Klimaanlage<\/strong><\/li>\n<li><strong>Heizung<\/strong><\/li>\n<li><strong>Bezahlterminal f&uuml;r Kartenzahlungen<\/strong><\/li>\n<\/ul>\n<h3>Historische Denkm&auml;ler entlang der Kreuzfahrtroute<\/h3>\n<ul>\n<li><a class=\"glossaryLink\"  aria-describedby=\"tt\"  data-cmtooltip=\"&lt;div class=glossaryItemBody&gt;&lt;img width=&#039;200&#039; height=&#039;133&#039; src=&#039;https:\/\/i0.wp.com\/praguecruises.eu\/wp-content\/uploads\/2024\/07\/hrad-prazsky-2.jpg?fit=200%2C133&amp;amp;ssl=1&#039; class=&#039;cmtt-tooltip-featured-image wp-post-image&#039; alt=&#039;Prager burg&#039; style=&#039;width: 200px; margin-top: 2%;float: right; margin-left: 2%;&#039; sizes=&#039;(max-width: 9999px) 200px,auto&#039; loading=&#039;eager&#039; srcset=&#039;https:\/\/i0.wp.com\/praguecruises.eu\/wp-content\/uploads\/2024\/07\/hrad-prazsky-2.jpg?w=1200&amp;amp;ssl=1 1200w, https:\/\/i0.wp.com\/praguecruises.eu\/wp-content\/uploads\/2024\/07\/hrad-prazsky-2.jpg?resize=324%2C216&amp;amp;ssl=1 324w, https:\/\/i0.wp.com\/praguecruises.eu\/wp-content\/uploads\/2024\/07\/hrad-prazsky-2.jpg?resize=416%2C277&amp;amp;ssl=1 416w, https:\/\/i0.wp.com\/praguecruises.eu\/wp-content\/uploads\/2024\/07\/hrad-prazsky-2.jpg?resize=300%2C200&amp;amp;ssl=1 300w, https:\/\/i0.wp.com\/praguecruises.eu\/wp-content\/uploads\/2024\/07\/hrad-prazsky-2.jpg?resize=1024%2C683&amp;amp;ssl=1 1024w, https:\/\/i0.wp.com\/praguecruises.eu\/wp-content\/uploads\/2024\/07\/hrad-prazsky-2.jpg?resize=768%2C512&amp;amp;ssl=1 768w&#039; \/&gt;Die Prager Burg ist eine historische Festung und der Sitz der tschechischen Herrscher und Pr&auml;sidenten in Prag. Sie ist einer der gr&ouml;&szlig;ten Burgkomplexe der Welt und eine wichtige Touristenattraktion. &lt;\/div&gt;\"  href=\"https:\/\/praguecruises.eu\/de\/glossary\/prager-burg\/\"  data-mobile-support=\"0\"  data-gt-translate-attributes='[{\"attribute\":\"data-cmtooltip\", \"format\":\"html\"}]' tabindex='0' role='link'>Prager Burg<\/a> (Pra&#382;sk&yacute; hrad)<\/li>\n<li><a class=\"glossaryLink\"  aria-describedby=\"tt\"  data-cmtooltip=\"&lt;div class=glossaryItemBody&gt;&lt;img width=&#039;200&#039; height=&#039;133&#039; src=&#039;https:\/\/i0.wp.com\/praguecruises.eu\/wp-content\/uploads\/2024\/07\/karluv-most-vltava.jpg?fit=200%2C133&amp;amp;ssl=1&#039; class=&#039;cmtt-tooltip-featured-image wp-post-image&#039; alt=&#039;&#039; style=&#039;width: 200px; margin-top: 2%;float: right; margin-left: 2%;&#039; sizes=&#039;(max-width: 9999px) 200px,auto&#039; loading=&#039;eager&#039; srcset=&#039;https:\/\/i0.wp.com\/praguecruises.eu\/wp-content\/uploads\/2024\/07\/karluv-most-vltava.jpg?w=1200&amp;amp;ssl=1 1200w, https:\/\/i0.wp.com\/praguecruises.eu\/wp-content\/uploads\/2024\/07\/karluv-most-vltava.jpg?resize=324%2C216&amp;amp;ssl=1 324w, https:\/\/i0.wp.com\/praguecruises.eu\/wp-content\/uploads\/2024\/07\/karluv-most-vltava.jpg?resize=416%2C277&amp;amp;ssl=1 416w, https:\/\/i0.wp.com\/praguecruises.eu\/wp-content\/uploads\/2024\/07\/karluv-most-vltava.jpg?resize=300%2C200&amp;amp;ssl=1 300w, https:\/\/i0.wp.com\/praguecruises.eu\/wp-content\/uploads\/2024\/07\/karluv-most-vltava.jpg?resize=1024%2C683&amp;amp;ssl=1 1024w, https:\/\/i0.wp.com\/praguecruises.eu\/wp-content\/uploads\/2024\/07\/karluv-most-vltava.jpg?resize=768%2C512&amp;amp;ssl=1 768w&#039; \/&gt;Die Karlsbr&uuml;cke ist eine historische Steinbr&uuml;cke in Prag &uuml;ber die Moldau. Die Br&uuml;cke wurde im Auftrag von Kaiser Karl IV. erbaut und ist eines der ber&uuml;hmtesten Denkm&auml;ler der Tschechischen Republik.&lt;\/div&gt;\"  href=\"https:\/\/praguecruises.eu\/de\/glossary\/karlsbruecke\/\"  data-mobile-support=\"0\"  data-gt-translate-attributes='[{\"attribute\":\"data-cmtooltip\", \"format\":\"html\"}]' tabindex='0' role='link'>Karlsbr&uuml;cke<\/a> (Karl&#367;v most)<\/li>\n<li>Kleinseitner Br&uuml;ckenturm (Malostransk&aacute; mosteck&aacute; v&#283;&#382;)<\/li>\n<li>Altst&auml;dter Br&uuml;ckenturm (Starom&#283;stsk&aacute; mosteck&aacute; v&#283;&#382;)<\/li>\n<li>Rudolfinum &ndash; Konzertsaal<\/li>\n<li>Nationaltheater (N&aacute;rodn&iacute; divadlo)<\/li>\n<li>&Scaron;tef&aacute;nik-Br&uuml;cke (&Scaron;tef&aacute;nik&#367;v most)<\/li>\n<li>Prager Altstadt (Star&eacute; M&#283;sto)<\/li>\n<li>Prager Neustadt (Nov&eacute; M&#283;sto)<\/li>\n<li>Novotn&yacute;-Fu&szlig;g&auml;ngerbr&uuml;cke (Novotn&eacute;ho l&aacute;vka)<\/li>\n<li>Altstadtwasserwerk &ndash; Bedrich Smetana Museum (Starom&#283;stsk&aacute; vod&aacute;rna &ndash; Muzeum Bed&#345;icha Smetany)<\/li>\n<li>Prager Kleinseite (Mal&aacute; Strana)<\/li>\n<li>Insel Kampa (Ostrov Kampa)<\/li>\n<li>Eulen M&uuml;hlen (Sovovy ml&yacute;ny)<\/li>\n<li>Aussichtsturm Pet&#345;&iacute;n (Pet&#345;&iacute;nsk&aacute; rozhledna)<\/li>\n<li>Franz Kafka Museum &ndash; Hergets Ziegelei (Muzeum Franze Kafky &ndash; Hergetova cihelna)<\/li>\n<li>M&aacute;nes-Br&uuml;cke (M&aacute;nes&#367;v most)<\/li>\n<li>Br&uuml;cke der Legionen (Most Legi&iacute;)<\/li>\n<li>Straka-Akademie &ndash; Regierungsamt der Tschechischen Republik (Strakova akademie &ndash; budova Vl&aacute;dy &#268;R)<\/li>\n<li>Tschech Br&uuml;cke (&#268;ech&#367;v Most)<\/li>\n<li>Geb&auml;ude des Ministeriums f&uuml;r Industrie und Handel der Tschechischen Republik (Budova Ministerstva pr&#367;myslu a obchodu &#268;R)<\/li>\n<\/ul>\n<p style=\"padding-left: 40px;\">*Wenn Sie eine verbindliche Kreuzfahrtbestellung (kostenpflichtige Reservierung) bis zu 48 Stunden vor Kreuzfahrtbeginn stornieren, wird Ihnen eine Stornogeb&uuml;hr in H&ouml;he von 20 % des Bestellpreises berechnet, um die sich der R&uuml;ckerstattungsbetrag reduziert. Wenn Sie die verbindliche Kreuzfahrtbestellung (kostenpflichtige Reservierung) sp&auml;ter als 48 Stunden vor Kreuzfahrtbeginn stornieren oder zur bestellten Kreuzfahrt nicht erscheinen und die Leistung nicht in Anspruch nehmen, wird Ihnen eine Stornogeb&uuml;hr in H&ouml;he von 100 % des Bestellpreises berechnet. Mit der Bezahlung der Kreuzfahrt stimmen Sie den oben genannten Stornierungsbedingungen zu.<\/p>\n<h3>Haben Sie nicht gefunden, was Sie gesucht haben?<\/h3>\n<p>Schauen Sie sich weitere <a href=\"https:\/\/praguecruises.eu\/de\/kategorie-der-kreuzfahrt\/sightseeing-schifffahrten\/\"><strong>Sightseeing-Schifffahrten<\/strong><\/a> oder <a href=\"https:\/\/praguecruises.eu\/de\/kategorie-der-kreuzfahrt\/gastronomische-kreuzfahrten\/\"><strong>Gastronomische Kreuzfahrten<\/strong><\/a><\/p>\n","protected":false},"excerpt":{"rendered":"<h2>Genie&szlig;en Sie die einzigartige Weihnachtsatmosph&auml;re w&auml;hrend der Adventskreuzfahrt durch Prag mit Weihnachtsliedern, traditionellen tschechischen hausgemachten S&uuml;&szlig;igkeiten und einem Hei&szlig;getr&auml;nk Ihrer Wahl.<\/h2>\n","protected":false},"featured_media":5600,"template":"","meta":{"_tec_requires_first_save":true,"_EventAllDay":false,"_EventTimezone":"","_EventStartDate":"","_EventEndDate":"","_EventStartDateUTC":"","_EventEndDateUTC":"","_EventShowMap":false,"_EventShowMapLink":false,"_EventURL":"","_EventCost":"","_EventCostDescription":"","_EventCurrencySymbol":"","_EventCurrencyCode":"","_EventCurrencyPosition":"","_EventDateTimeSeparator":"","_EventTimeRangeSeparator":"","_EventOrganizerID":[],"_EventVenueID":[],"_OrganizerEmail":"","_OrganizerPhone":"","_OrganizerWebsite":"","_VenueAddress":"","_VenueCity":"","_VenueCountry":"","_VenueProvince":"","_VenueState":"","_VenueZip":"","_VenuePhone":"","_VenueURL":"","_VenueStateProvince":"","_VenueLat":"","_VenueLng":"","_VenueShowMap":false,"_VenueShowMapLink":false,"_tribe_blocks_recurrence_rules":"","_tribe_blocks_recurrence_description":"","_tribe_blocks_recurrence_exclusions":""},"product_brand":[],"product_cat":[709,279,215,233],"product_tag":[664],"class_list":{"0":"post-3764","1":"product","2":"type-product","3":"status-publish","4":"has-post-thumbnail","6":"product_cat-advent-und-weihnachten-in-prag","7":"product_cat-schifffahrten-fur-individualreisende-in-prag","8":"product_cat-sightseeing-schifffahrten","9":"product_cat-genussfahrten","10":"product_tag-1-stundige-bootsfahrt","12":"first","13":"instock","14":"virtual","15":"sold-individually","16":"purchasable","17":"product-type-booking"},"booking_location":"","booking_location_type":"","booking_duration":1,"booking_duration_unit":"hour","booking_buffer":0,"booking_cost":0,"booking_resources":[],"aioseo_notices":[],"jetpack_sharing_enabled":true,"_links":{"self":[{"href":"https:\/\/praguecruises.eu\/de\/wp-json\/wp\/v2\/product\/3764","targetHints":{"allow":["GET"]}}],"collection":[{"href":"https:\/\/praguecruises.eu\/de\/wp-json\/wp\/v2\/product"}],"about":[{"href":"https:\/\/praguecruises.eu\/de\/wp-json\/wp\/v2\/types\/product"}],"wp:featuredmedia":[{"embeddable":true,"href":"https:\/\/praguecruises.eu\/de\/wp-json\/wp\/v2\/media\/5600"}],"wp:attachment":[{"href":"https:\/\/praguecruises.eu\/de\/wp-json\/wp\/v2\/media?parent=3764"}],"wp:term":[{"taxonomy":"product_brand","embeddable":true,"href":"https:\/\/praguecruises.eu\/de\/wp-json\/wp\/v2\/product_brand?post=3764"},{"taxonomy":"product_cat","embeddable":true,"href":"https:\/\/praguecruises.eu\/de\/wp-json\/wp\/v2\/product_cat?post=3764"},{"taxonomy":"product_tag","embeddable":true,"href":"https:\/\/praguecruises.eu\/de\/wp-json\/wp\/v2\/product_tag?post=3764"}],"curies":[{"name":"wp","href":"https:\/\/api.w.org\/{rel}","templated":true}]}}