{"id":7167,"date":"2023-01-12T13:03:16","date_gmt":"2023-01-12T12:03:16","guid":{"rendered":"https:\/\/praguecruises.eu\/enzyklopaedie-von-prag\/"},"modified":"2025-01-25T21:13:27","modified_gmt":"2025-01-25T20:13:27","slug":"enzyklopaedie-von-prag","status":"publish","type":"page","link":"https:\/\/praguecruises.eu\/de\/enzyklopaedie-von-prag\/","title":{"rendered":"Enzyklop\u00e4die von Prag"},"content":{"rendered":"<div class=\"cm-glossary img-term-definition\"><div class=\"glossary-container \"><input type=\"hidden\" class=\"cmtt-attribute-field\" name=\"glossary_index_style\" value=\"img-term-definition\">        <div class=\"progress-indicator\" style=\"display:none\">\r\n                            <img data-recalc-dims=\"1\" decoding=\"async\" src=\"https:\/\/i0.wp.com\/praguecruises.eu\/wp-content\/plugins\/TooltipProEcommerce\/assets\/css\/images\/ajax-loader.gif?w=980&#038;ssl=1\" alt=\"AJAX progress indicator\"\/>\r\n                    <\/div>\r\n\t\t<div class=\"glossary_top_filter\">\r\n\t\t\t<div class=\"left\">\r\n\t\t\t\t\t\t\t\t\t\t<div class=\"cmtt_help glossary-search-helpitem\"\r\n\t\t\t\t\t\t     data-cmtooltip=\"The search returns the partial search for the given query from both the term title and description. So it will return the results even if the given query is part of the word in the description.\"><\/div>\r\n\t\t\t\t\t\t\t\t\t\t<div class=\"glossary-search-wrapper\">\r\n                        <span class=\"glossary-search-label\">Search:<\/span>\r\n\t\t\t\t\t\t                            <input value=\"\"\r\n                                   placeholder=\"\"\r\n                                   class=\"glossary-search-term \"\r\n                                   name=\"glossary-search-term\"\r\n                                   id=\"glossary-search-term\"\r\n                                   aria-label=\"Suchen\"\/>\r\n                            <button type=\"submit\" id=\"glossary-search\"\r\n                                    class=\"glossary-search button\">Suchen<\/button>\r\n\r\n                            <a class=\"glossary-search-clear\"\r\n                               title=\"Clear the input\"\r\n                               href=\"\">\r\n                                (clear)                            <\/a>\r\n                    <\/div>\r\n\t\t\t\t\t\t\t\t<\/div>\r\n\t\t\t\t\t<\/div>\r\n        \r\n\t\t<input type=\"hidden\" class=\"cmtt-attribute-field\" name=\"disable_listnav\"\r\n\t\t       value=\"1\"\/>\r\n\t\t<input type=\"hidden\" class=\"cmtt-attribute-field\" name=\"exact_search\"\r\n\t\t       value=\"0\"\/>\r\n\t\t<input type=\"hidden\" class=\"cmtt-attribute-field\" name=\"show_search\"\r\n\t\t       value=\"1\"\/>\r\n\t\t<input type=\"hidden\" class=\"glossary-hide-terms\" name=\"glossary-hide-terms\"\r\n\t\t       value=\"0\"\/>\r\n\t\t<input type=\"hidden\" class=\"glossary-hide-categories\" name=\"glossary-hide-categories\"\r\n\t\t       value=\"0\"\/>\r\n\t\t<input type=\"hidden\" class=\"glossary-hide-abbrevs\" name=\"glossary-hide-abbrevs\"\r\n\t\t       value=\"0\"\/>\r\n\t\t<input type=\"hidden\" class=\"glossary-hide-synonyms\" name=\"glossary-hide-synonyms\"\r\n\t\t       value=\"0\"\/>\r\n\t\t<input type=\"hidden\" class=\"glossary-perpage\" name=\"glossary-perpage\"\r\n\t\t       value=\"0\"\/>\r\n\t\t<input type=\"hidden\" name=\"tooltip_language\"\r\n\t\t       value=\"\"\/>\r\n\t\t<input type=\"hidden\" name=\"language_dropdown\"\r\n\t\t       value=\"\"\/>\r\n\t\t<input type=\"hidden\" name=\"languages_for_table\"\r\n\t\t       value=\"\"\/>\r\n\t\t<div id=\"glossaryList-nav\" class=\"listNav small\" role=\"tablist\"><\/div><ul class=\"glossaryList\" role=\"tablist\" id=\"glossaryList\"  itemscope itemtype=\"https:\/\/schema.org\/DefinedTermSet\"><li class=\"cmtt-has-thumbnail ln-10\"  itemscope itemtype=\"https:\/\/schema.org\/DefinedTerm\"  role=\"tab\"><a class=\"cmtt-thumbnail\"  data-full-img=\"https:\/\/i0.wp.com\/praguecruises.eu\/wp-content\/uploads\/2024\/07\/karluv-most-vltava.jpg?fit=1200%2C800&ssl=1\" href=\"https:\/\/praguecruises.eu\/de\/glossary\/karlsbruecke\/\" data-link=\"0\"><img loading=\"lazy\" decoding=\"async\" width=\"250\" height=\"167\" src=\"https:\/\/i0.wp.com\/praguecruises.eu\/wp-content\/uploads\/2024\/07\/karluv-most-vltava.jpg?fit=250%2C167&amp;ssl=1\" class=\"attachment-250x250 size-250x250 wp-post-image\" alt=\"\" srcset=\"https:\/\/i0.wp.com\/praguecruises.eu\/wp-content\/uploads\/2024\/07\/karluv-most-vltava.jpg?fit=1200%2C800&amp;ssl=1\" \/><\/a><div class=\"term-block\"><a href=\"https:\/\/praguecruises.eu\/de\/glossary\/karlsbruecke\/\"  role=\"term\" class=\"glossaryLink glossary-link-title \"   style=\"\"   itemprop=\"url\"  data-cl=\"K\"><span itemprop=\"name\">Karlsbr\u00fccke<\/span><\/a><dfn class=\"glossary_itemdesc\" role=\"definition\"  itemprop=\"description\" >Die Karlsbr\u00fccke ist eine historische Steinbr\u00fccke in Prag \u00fcber die Moldau. Die Br\u00fccke wurde im Auftrag von Kaiser Karl IV. erbaut und ist eines der ber\u00fchmtesten Denkm\u00e4ler der Tschechischen Republik.<\/dfn><\/div><\/li><li class=\"cmtt-has-thumbnail ln-15\"  itemscope itemtype=\"https:\/\/schema.org\/DefinedTerm\"  role=\"tab\"><a class=\"cmtt-thumbnail\"  data-full-img=\"https:\/\/i0.wp.com\/praguecruises.eu\/wp-content\/uploads\/2024\/06\/paternoster-praha-001.jpg?fit=2034%2C1336&ssl=1\" href=\"https:\/\/praguecruises.eu\/de\/glossary\/paternoster\/\" data-link=\"0\"><img loading=\"lazy\" decoding=\"async\" width=\"250\" height=\"164\" src=\"https:\/\/i0.wp.com\/praguecruises.eu\/wp-content\/uploads\/2024\/06\/paternoster-praha-001.jpg?fit=250%2C164&amp;ssl=1\" class=\"attachment-250x250 size-250x250 wp-post-image\" alt=\"Nov\u00fd turistick\u00fd okruh v Praze: Nov\u00e1 radnice \u2013 p\u00e1ternoster\" srcset=\"https:\/\/i0.wp.com\/praguecruises.eu\/wp-content\/uploads\/2024\/06\/paternoster-praha-001.jpg?fit=2034%2C1336&amp;ssl=1\" \/><\/a><div class=\"term-block\"><a href=\"https:\/\/praguecruises.eu\/de\/glossary\/paternoster\/\"  role=\"term\" class=\"glossaryLink glossary-link-title \"   style=\"\"   itemprop=\"url\"  data-cl=\"P\"><span itemprop=\"name\">Paternosteraufzug<\/span><\/a><dfn class=\"glossary_itemdesc\" role=\"definition\"  itemprop=\"description\" >Ein Paternosteraufzug, kurz Paternoster, technisch Personen-Umlaufaufzug, ist eine Sonderform einer Aufzugsanlage zur Personenbef\u00f6rderung.<\/dfn><\/div><\/li><li class=\"cmtt-has-thumbnail ln-15\"  itemscope itemtype=\"https:\/\/schema.org\/DefinedTerm\"  role=\"tab\"><a class=\"cmtt-thumbnail\"  data-full-img=\"https:\/\/i0.wp.com\/praguecruises.eu\/wp-content\/uploads\/2024\/07\/hrad-prazsky-2.jpg?fit=1200%2C800&ssl=1\" href=\"https:\/\/praguecruises.eu\/de\/glossary\/prager-burg\/\" data-link=\"0\"><img loading=\"lazy\" decoding=\"async\" width=\"250\" height=\"167\" src=\"https:\/\/i0.wp.com\/praguecruises.eu\/wp-content\/uploads\/2024\/07\/hrad-prazsky-2.jpg?fit=250%2C167&amp;ssl=1\" class=\"attachment-250x250 size-250x250 wp-post-image\" alt=\"Prager burg\" srcset=\"https:\/\/i0.wp.com\/praguecruises.eu\/wp-content\/uploads\/2024\/07\/hrad-prazsky-2.jpg?fit=1200%2C800&amp;ssl=1\" \/><\/a><div class=\"term-block\"><a href=\"https:\/\/praguecruises.eu\/de\/glossary\/prager-burg\/\"  role=\"term\" class=\"glossaryLink glossary-link-title \"   style=\"\"   itemprop=\"url\"  data-cl=\"P\"><span itemprop=\"name\">Prager Burg<\/span><\/a><dfn class=\"glossary_itemdesc\" role=\"definition\"  itemprop=\"description\" >Die Prager Burg ist eine historische Festung und der Sitz der tschechischen Herrscher und Pr\u00e4sidenten in Prag. Sie ist einer der gr\u00f6\u00dften Burgkomplexe der Welt und eine wichtige Touristenattraktion. <\/dfn><\/div><\/li><\/ul><\/div><div class=\"clear clearfix cmtt-clearfix\"><\/div><\/div>\n","protected":false},"excerpt":{"rendered":"","protected":false},"author":1,"featured_media":0,"parent":0,"menu_order":0,"comment_status":"closed","ping_status":"closed","template":"","meta":{"_tec_requires_first_save":true,"_EventAllDay":false,"_EventTimezone":"","_EventStartDate":"","_EventEndDate":"","_EventStartDateUTC":"","_EventEndDateUTC":"","_EventShowMap":false,"_EventShowMapLink":false,"_EventURL":"","_EventCost":"","_EventCostDescription":"","_EventCurrencySymbol":"","_EventCurrencyCode":"","_EventCurrencyPosition":"","_EventDateTimeSeparator":"","_EventTimeRangeSeparator":"","_EventOrganizerID":[],"_EventVenueID":[],"_OrganizerEmail":"","_OrganizerPhone":"","_OrganizerWebsite":"","_VenueAddress":"","_VenueCity":"","_VenueCountry":"","_VenueProvince":"","_VenueState":"","_VenueZip":"","_VenuePhone":"","_VenueURL":"","_VenueStateProvince":"","_VenueLat":"","_VenueLng":"","_VenueShowMap":false,"_VenueShowMapLink":false,"_tribe_blocks_recurrence_rules":"","_tribe_blocks_recurrence_description":"","_tribe_blocks_recurrence_exclusions":"","footnotes":""},"class_list":["post-7167","page","type-page","status-publish","hentry"],"aioseo_notices":[],"jetpack_sharing_enabled":true,"_links":{"self":[{"href":"https:\/\/praguecruises.eu\/de\/wp-json\/wp\/v2\/pages\/7167","targetHints":{"allow":["GET"]}}],"collection":[{"href":"https:\/\/praguecruises.eu\/de\/wp-json\/wp\/v2\/pages"}],"about":[{"href":"https:\/\/praguecruises.eu\/de\/wp-json\/wp\/v2\/types\/page"}],"author":[{"embeddable":true,"href":"https:\/\/praguecruises.eu\/de\/wp-json\/wp\/v2\/users\/1"}],"replies":[{"embeddable":true,"href":"https:\/\/praguecruises.eu\/de\/wp-json\/wp\/v2\/comments?post=7167"}],"version-history":[{"count":0,"href":"https:\/\/praguecruises.eu\/de\/wp-json\/wp\/v2\/pages\/7167\/revisions"}],"wp:attachment":[{"href":"https:\/\/praguecruises.eu\/de\/wp-json\/wp\/v2\/media?parent=7167"}],"curies":[{"name":"wp","href":"https:\/\/api.w.org\/{rel}","templated":true}]}}